{"id":1331,"date":"2019-03-12T15:20:50","date_gmt":"2019-03-12T15:20:50","guid":{"rendered":"https:\/\/avvocati-sl.it\/?page_id=1331"},"modified":"2025-03-25T11:59:13","modified_gmt":"2025-03-25T11:59:13","slug":"maria-cristina-bruni","status":"publish","type":"page","link":"https:\/\/avvocati-sl.it\/it\/professionisti\/maria-cristina-bruni\/","title":{"rendered":"Maria Cristina Bruni"},"content":{"rendered":"<div class=\"fusion-fullwidth fullwidth-box fusion-builder-row-1 nonhundred-percent-fullwidth non-hundred-percent-height-scrolling\" style=\"background-color: rgba(255,255,255,0);background-position: center center;background-repeat: no-repeat;padding-top:0px;padding-right:0px;padding-bottom:0px;padding-left:0px;margin-bottom: 0px;margin-top: 0px;border-width: 0px 0px 0px 0px;border-color:#eae9e9;border-style:solid;\" ><div class=\"fusion-builder-row fusion-row\"><div class=\"fusion-layout-column fusion_builder_column fusion-builder-column-0 fusion_builder_column_1_2 1_2 fusion-one-half fusion-column-first\" style=\"width:50%;width:calc(50% - ( ( 4% ) * 0.5 ) );margin-right: 4%;margin-top:0px;margin-bottom:20px;\"><div class=\"fusion-column-wrapper fusion-flex-column-wrapper-legacy\" style=\"background-position:left top;background-repeat:no-repeat;-webkit-background-size:cover;-moz-background-size:cover;-o-background-size:cover;background-size:cover;padding: 0px 0px 0px 0px;\"><div class=\"fusion-content-boxes content-boxes columns row fusion-columns-1 fusion-columns-total-1 fusion-content-boxes-1 content-boxes-icon-with-title content-left\" data-animationOffset=\"top-into-view\" style=\"margin-top:0px;margin-bottom:60px;\"><style type=\"text\/css\">.fusion-content-boxes-1 .heading .content-box-heading {color:#3b4251;}\n\t\t\t\t\t.fusion-content-boxes-1 .fusion-content-box-hover .link-area-link-icon-hover .heading .content-box-heading,\n\t\t\t\t\t.fusion-content-boxes-1 .fusion-content-box-hover .link-area-link-icon-hover .heading .heading-link .content-box-heading,\n\t\t\t\t\t.fusion-content-boxes-1 .fusion-content-box-hover .link-area-box-hover .heading .content-box-heading,\n\t\t\t\t\t.fusion-content-boxes-1 .fusion-content-box-hover .link-area-box-hover .heading .heading-link .content-box-heading,\n\t\t\t\t\t.fusion-content-boxes-1 .fusion-content-box-hover .link-area-link-icon-hover.link-area-box .fusion-read-more,\n\t\t\t\t\t.fusion-content-boxes-1 .fusion-content-box-hover .link-area-link-icon-hover.link-area-box .fusion-read-more::after,\n\t\t\t\t\t.fusion-content-boxes-1 .fusion-content-box-hover .link-area-link-icon-hover.link-area-box .fusion-read-more::before,\n\t\t\t\t\t.fusion-content-boxes-1 .fusion-content-box-hover .fusion-read-more:hover:after,\n\t\t\t\t\t.fusion-content-boxes-1 .fusion-content-box-hover .fusion-read-more:hover:before,\n\t\t\t\t\t.fusion-content-boxes-1 .fusion-content-box-hover .fusion-read-more:hover,\n\t\t\t\t\t.fusion-content-boxes-1 .fusion-content-box-hover .link-area-box-hover.link-area-box .fusion-read-more,\n\t\t\t\t\t.fusion-content-boxes-1 .fusion-content-box-hover .link-area-box-hover.link-area-box .fusion-read-more::after,\n\t\t\t\t\t.fusion-content-boxes-1 .fusion-content-box-hover .link-area-box-hover.link-area-box .fusion-read-more::before,\n\t\t\t\t\t.fusion-content-boxes-1 .fusion-content-box-hover .link-area-link-icon-hover .icon .circle-no,\n\t\t\t\t\t.fusion-content-boxes-1 .heading .heading-link:hover .content-box-heading {\n\t\t\t\t\t\tcolor: #1a80b6;\n\t\t\t\t\t}\n\t\t\t\t\t.fusion-content-boxes-1 .fusion-content-box-hover .link-area-box-hover .icon .circle-no {\n\t\t\t\t\t\tcolor: #1a80b6 !important;\n\t\t\t\t\t}.fusion-content-boxes-1 .fusion-content-box-hover .link-area-box.link-area-box-hover .fusion-content-box-button {background: #5aabd6;color: #105378;background-image: -webkit-gradient( linear, left bottom, left top, from( #90c9e8 ), to( #5aabd6 ) );background-image: linear-gradient( to top, #90c9e8, #5aabd6 )}.fusion-content-boxes-1 .fusion-content-box-hover .link-area-box.link-area-box-hover .fusion-content-box-button .fusion-button-text {color: #105378;}\n\t\t\t\t\t.fusion-content-boxes-1 .fusion-content-box-hover .link-area-link-icon-hover .heading .icon > span {\n\t\t\t\t\t\tbackground-color: transparent !important;\n\t\t\t\t\t}\n\t\t\t\t\t.fusion-content-boxes-1 .fusion-content-box-hover .link-area-box-hover .heading .icon > span {\n\t\t\t\t\t\tborder-color: #1a80b6 !important;\n\t\t\t\t\t}<\/style><div class=\"fusion-column content-box-column content-box-column content-box-column-1 col-lg-12 col-md-12 col-sm-12 fusion-content-box-hover content-box-column-last content-box-column-last-in-row\"><div class=\"col content-box-wrapper content-wrapper link-area-box icon-hover-animation-slide\" style=\"background-color:rgba(255,255,255,0);\" data-animationOffset=\"top-into-view\"><div class=\"heading icon-left\"><h2 class=\"content-box-heading\" style=\"font-size:0px;line-height:5px;\">Maria Cristina Bruni, Partner<\/h2><\/div><div class=\"fusion-clearfix\"><\/div><div class=\"content-container\" style=\"color:#747474;\">\n<h3 style=\"text-align: justify;\">Maria Cristina Bruni<\/h3>\n<p style=\"text-align: justify;\"><em>Avvocato Partner dello Studio Legale, patrocinante in Cassazione,<\/em> iscritta all&#8217;albo degli avvocati di Milano, associata\u00a0<a href=\"http:\/\/www.giuslavoristi.it\/\" target=\"_blank\" rel=\"noopener noreferrer\">AGI<\/a> (Avvocati Giuslavoristi Italiani) e consulente presso associazioni nazionali ed internazionali tra cui IRU (International Transport Road Union), maturit\u00e0 classica e laurea in giurisprudenza a pieni voti presso l&#8217;Universit\u00e0 degli Studi di Milano, scuola di specializzazione universitaria dell&#8217;Universit\u00e0 degli Studi di Milano in Diritto ed Economia delle Comunit\u00e0 Europee, corso di specializzazione in diritto di famiglia presso l&#8217;<a href=\"https:\/\/aiaf-avvocati.it\/\" target=\"_blank\" rel=\"noopener noreferrer\">AIAF<\/a>\u00a0(Associazione Italiana degli Avvocati per la Famiglia e per i minori).<\/p>\n<p style=\"text-align: justify;\"><strong>Esperta in diritto del lavoro, previdenziale e sindacale<\/strong>, segue, sia nelle fasi giudiziali che stragiudiziali, le controversie nell&#8217;ambito del rapporto di lavoro (privato e pubblico, lavoro subordinato, dirigenziale, autonomo e parasubordinato, rapporto di agenzia), contrattualistica individuale e collettiva, procedure disciplinari, risarcimento danni, demansionamento e mobbing, gestione dei rapporti tra le parti sociali, procedure di mobilit\u00e0, questioni correlate afferenti crisi aziendali, regolamenti aziendali. Offre consulenza a privati ed enti pubblici nella fase di contrattualizzazione del rapporto di lavoro e di gestione pre-contenziosa del medesimo ambito avvalendosi di strumenti di giustizia alternativa, prestando particolare attenzione al continuo evolversi della normativa in materia.<\/p>\n<p style=\"text-align: justify;\">Ha consolidata esperienza in <strong>diritto dei trasporti<\/strong> interno e internazionale, con riferimento anche alla logistica e al trasporto intermodale e combinato e al cabotaggio nazionale ed internazionale; segue sia la fase giudiziale che stragiudiziale, si occupa di contrattualistica, redigendo modelli contrattuali ad hoc in base alle esigenze aziendali anche per realt\u00e0 internazionali, documentazione accessoria per trasporti nazionali, comunitari e internazionali.<\/p>\n<p style=\"text-align: justify;\">Assiste le imprese nell&#8217;applicazione del Decreto Legislativo 231\/2001 e nella realizzazione dei modelli organizzativi.<\/p>\n<p style=\"text-align: justify;\">Fornisce assistenza in ambito assicurativo, di <strong>diritto di famiglia<\/strong> e diritto minorile avvalendosi, ove possibile, dei vigenti sistemi di giustizia alternativa.<\/p>\n<p style=\"text-align: justify;\">Tratta anche temi di diritto commerciale, anche con riferimento alle procedure concorsuali pi\u00f9 recenti. Si occupa altres\u00ec di controversie legate alla responsabilit\u00e0 professionale e al risarcimento danni.<\/p>\n<p style=\"text-align: justify;\">Consulente di primarie associazioni di categoria del settore autotrasporto, autrice di numerose pubblicazioni in diritto dell&#8217;autotrasporto interno ed internazionale, \u00e8 giornalista pubblicista e collabora con diverse riviste di settore, italiane ed estere.\u00a0E\u2019 consulente di trasmissioni radiofoniche di settore, relatrice in seminari, convegni e webinar.<\/p>\n<p>Aderisce al network <a href=\"https:\/\/partner24ore.ilsole24ore.com\/professional-partner\/maria-cristina-bruni\/\" target=\"_blank\" rel=\"noopener\">Partner 24 ORE Avvocati.<\/a><\/p>\n<p>Lingue: italiano, inglese (Proficiency in English, Toefl), francese (Univ. Aix en Provence).<\/p>\n<\/div><\/div><\/div><style type=\"text\/css\">\n\t\t\t\t\t\t.fusion-content-boxes-1 .fusion-content-box-hover .heading-link:hover .icon i.circle-yes,\n\t\t\t\t\t\t.fusion-content-boxes-1 .fusion-content-box-hover .link-area-box:hover .heading-link .icon i.circle-yes,\n\t\t\t\t\t\t.fusion-content-boxes-1 .fusion-content-box-hover .link-area-link-icon-hover .heading .icon i.circle-yes,\n\t\t\t\t\t\t.fusion-content-boxes-1 .fusion-content-box-hover .link-area-box-hover .heading .icon i.circle-yes {\n\t\t\t\t\t\t\tbackground-color: transparent !important;\n\t\t\t\t\t\t\tborder-color: #1a80b6 !important;\n\t\t\t\t\t\t}<\/style><div class=\"fusion-clearfix\"><\/div><\/div><div class=\"fusion-clearfix\"><\/div><\/div><\/div><div class=\"fusion-layout-column fusion_builder_column fusion-builder-column-1 fusion_builder_column_1_2 1_2 fusion-one-half fusion-column-last\" style=\"width:50%;width:calc(50% - ( ( 4% ) * 0.5 ) );margin-top:0px;margin-bottom:20px;\"><div class=\"fusion-column-wrapper fusion-flex-column-wrapper-legacy\" style=\"background-position:left top;background-repeat:no-repeat;-webkit-background-size:cover;-moz-background-size:cover;-o-background-size:cover;background-size:cover;padding: 0px 0px 0px 0px;\"><div class=\"fusion-person person fusion-person-left fusion-person-1 fusion-person-icon-top\"><div class=\"person-shortcode-image-wrapper\"><div class=\"person-image-container hover-type-none\" style=\"border:0px solid #f6f6f6;-webkit-border-radius:0px;-moz-border-radius:0px;border-radius:0px;\"><img decoding=\"async\" class=\"person-img img-responsive wp-image-2451\" width=\"1990\" height=\"2441\" src=\"https:\/\/avvocati-sl.it\/wp-content\/uploads\/2019\/05\/Maria-Cristina-Bruni-IMG_0975_2.jpg\" alt=\"Maria Cristina Bruni\" srcset=\"https:\/\/avvocati-sl.it\/wp-content\/uploads\/2019\/05\/Maria-Cristina-Bruni-IMG_0975_2-200x245.jpg 200w, https:\/\/avvocati-sl.it\/wp-content\/uploads\/2019\/05\/Maria-Cristina-Bruni-IMG_0975_2-400x491.jpg 400w, https:\/\/avvocati-sl.it\/wp-content\/uploads\/2019\/05\/Maria-Cristina-Bruni-IMG_0975_2-600x736.jpg 600w, https:\/\/avvocati-sl.it\/wp-content\/uploads\/2019\/05\/Maria-Cristina-Bruni-IMG_0975_2-800x981.jpg 800w, https:\/\/avvocati-sl.it\/wp-content\/uploads\/2019\/05\/Maria-Cristina-Bruni-IMG_0975_2-1200x1472.jpg 1200w, https:\/\/avvocati-sl.it\/wp-content\/uploads\/2019\/05\/Maria-Cristina-Bruni-IMG_0975_2.jpg 1990w\" sizes=\"(max-width: 850px) 100vw, 600px\" \/><\/div><\/div><div class=\"person-desc\"><div class=\"person-author\"><div class=\"person-author-wrapper\"><span class=\"person-name\">Maria Cristina Bruni<\/span><span class=\"person-title\">Partner<\/span><\/div><div class=\"fusion-social-networks boxed-icons\"><div class=\"fusion-social-networks-wrapper\"><a class=\"fusion-social-network-icon fusion-tooltip fusion-linkedin awb-icon-linkedin\" aria-label=\"fusion-linkedin\" href=\"https:\/\/www.linkedin.com\/in\/maria-cristina-bruni-3b31a8a5\/\" target=\"_blank\" rel=\"noopener noreferrer\" style=\"color:#ffffff;background-color:#55a098;border-color:#55a098;border-radius:4px;font-size:14px;padding:7px;\" data-placement=\"top\" data-title=\"LinkedIn\" title=\"LinkedIn\" data-toggle=\"tooltip\"><\/a><a class=\"fusion-social-network-icon fusion-tooltip fusion-mail awb-icon-mail\" aria-label=\"fusion-mail\" href=\"mailto:m&#097;&#114;iacris&#116;&#105;nabruni&#064;&#097;v&#118;&#111;&#099;&#097;ti-&#115;l.i&#116;\" target=\"_self\" style=\"color:#ffffff;background-color:#55a098;border-color:#55a098;border-radius:4px;font-size:14px;padding:7px;\" data-placement=\"top\" data-title=\"Mail\" title=\"Mail\" data-toggle=\"tooltip\"><\/a><\/div><\/div><\/div><div class=\"person-content fusion-clearfix\"><\/div><\/div><\/div><style type=\"text\/css\">.fusion-person-1 .boxed-icons .fusion-social-network-icon{border-top-width:0px !important;border-right-width:0px !important;border-bottom-width:0px !important;border-left-width:0px !important;border-color:var(--awb-color3) !important;}.fusion-person-1 .boxed-icons .fusion-social-network-icon:hover{background-color:rgba(85,160,152,0.8) !important;border-color:var(--awb-color4) !important;}.fusion-person-1 .fusion-social-network-icon:hover{color:rgba(255,255,255,0.8) !important;}.fusion-person-1{ margin-top : 0px;margin-right : 0px;margin-bottom : 0px;margin-left : 0px;}<\/style><div class=\"fusion-section-separator section-separator bigtriangle fusion-section-separator-1\"><div class=\"fusion-section-separator-svg\" style=\"padding:0;margin-left: 0px;margin-right: 0px;\"><svg class=\"fusion-big-triangle-candy\" xmlns=\"http:\/\/www.w3.org\/2000\/svg\" version=\"1.1\" width=\"100%\" height=\"100\" viewBox=\"0 0 100 100\" preserveAspectRatio=\"none\" style=\"padding:0;\" fill=\"rgba(246,246,246,1)\"><path d=\"M0 100 L50 2 L100 100 Z\"><\/path><\/svg><\/div><div class=\"fusion-section-separator-spacer\"><div class=\"fusion-section-separator-spacer-height\" style=\"height:99px;\"><\/div><\/div><\/div><div class=\"fusion-video fusion-youtube\" style=\"max-width:600px;max-height:360px;\"><div class=\"video-shortcode\"><div class=\"fluid-width-video-wrapper\" style=\"padding-top:60%;\" ><iframe title=\"YouTube video player 1\" src=\"https:\/\/www.youtube.com\/embed\/FEwv7DUTqAc?wmode=transparent&autoplay=0\" width=\"600\" height=\"360\" allowfullscreen allow=\"autoplay; fullscreen\"><\/iframe><\/div><\/div><\/div><div class=\"fusion-video fusion-youtube fusion-no-small-visibility\" style=\"max-width:600px;max-height:360px;\"><div class=\"video-shortcode\"><div class=\"fluid-width-video-wrapper\" style=\"padding-top:60%;\" ><iframe title=\"YouTube video player 2\" src=\"https:\/\/www.youtube.com\/embed\/SFpPhrNwwyc?wmode=transparent&autoplay=0\" width=\"600\" height=\"360\" allowfullscreen allow=\"autoplay; fullscreen\"><\/iframe><\/div><\/div><\/div><div class=\"fusion-clearfix\"><\/div><\/div><\/div><\/div><\/div>\n","protected":false},"excerpt":{"rendered":"","protected":false},"author":3,"featured_media":0,"parent":10,"menu_order":0,"comment_status":"closed","ping_status":"closed","template":"100-width.php","meta":[],"yoast_head":"<!-- This site is optimized with the Yoast SEO plugin v21.7 - https:\/\/yoast.com\/wordpress\/plugins\/seo\/ -->\n<title>Maria Cristina Bruni &#8211; Studio legale associato EurAmbrosiano<\/title>\n<meta name=\"description\" content=\"Maria Cristina Bruni, avvocato Socio dello Studio EurAmbrosiano, esperto in diritto del lavoro, dei trasporti, di famiglia, assicurativo, contrattualistica.\" \/>\n<meta name=\"robots\" content=\"index, follow, max-snippet:-1, max-image-preview:large, max-video-preview:-1\" \/>\n<link rel=\"canonical\" href=\"https:\/\/avvocati-sl.it\/it\/professionisti\/maria-cristina-bruni\/\" \/>\n<meta property=\"og:locale\" content=\"it_IT\" \/>\n<meta property=\"og:type\" content=\"article\" \/>\n<meta property=\"og:title\" content=\"Maria Cristina Bruni &#8211; Studio legale associato EurAmbrosiano\" \/>\n<meta property=\"og:description\" content=\"Maria Cristina Bruni, avvocato Socio dello Studio EurAmbrosiano, esperto in diritto del lavoro, dei trasporti, di famiglia, assicurativo, contrattualistica.\" \/>\n<meta property=\"og:url\" content=\"https:\/\/avvocati-sl.it\/it\/professionisti\/maria-cristina-bruni\/\" \/>\n<meta property=\"og:site_name\" content=\"Studio legale associato EurAmbrosiano\" \/>\n<meta property=\"article:modified_time\" content=\"2025-03-25T11:59:13+00:00\" \/>\n<meta name=\"twitter:card\" content=\"summary_large_image\" \/>\n<meta name=\"twitter:label1\" content=\"Tempo di lettura stimato\" \/>\n\t<meta name=\"twitter:data1\" content=\"4 minuti\" \/>\n<script type=\"application\/ld+json\" class=\"yoast-schema-graph\">{\"@context\":\"https:\/\/schema.org\",\"@graph\":[{\"@type\":\"WebPage\",\"@id\":\"https:\/\/avvocati-sl.it\/it\/professionisti\/maria-cristina-bruni\/\",\"url\":\"https:\/\/avvocati-sl.it\/it\/professionisti\/maria-cristina-bruni\/\",\"name\":\"Maria Cristina Bruni &#8211; Studio legale associato EurAmbrosiano\",\"isPartOf\":{\"@id\":\"https:\/\/avvocati-sl.it\/it\/#website\"},\"datePublished\":\"2019-03-12T15:20:50+00:00\",\"dateModified\":\"2025-03-25T11:59:13+00:00\",\"description\":\"Maria Cristina Bruni, avvocato Socio dello Studio EurAmbrosiano, esperto in diritto del lavoro, dei trasporti, di famiglia, assicurativo, contrattualistica.\",\"breadcrumb\":{\"@id\":\"https:\/\/avvocati-sl.it\/it\/professionisti\/maria-cristina-bruni\/#breadcrumb\"},\"inLanguage\":\"it-IT\",\"potentialAction\":[{\"@type\":\"ReadAction\",\"target\":[\"https:\/\/avvocati-sl.it\/it\/professionisti\/maria-cristina-bruni\/\"]}]},{\"@type\":\"BreadcrumbList\",\"@id\":\"https:\/\/avvocati-sl.it\/it\/professionisti\/maria-cristina-bruni\/#breadcrumb\",\"itemListElement\":[{\"@type\":\"ListItem\",\"position\":1,\"name\":\"Home\",\"item\":\"https:\/\/avvocati-sl.it\/it\/\"},{\"@type\":\"ListItem\",\"position\":2,\"name\":\"Professionisti\",\"item\":\"https:\/\/avvocati-sl.it\/it\/professionisti\/\"},{\"@type\":\"ListItem\",\"position\":3,\"name\":\"Maria Cristina Bruni\"}]},{\"@type\":\"WebSite\",\"@id\":\"https:\/\/avvocati-sl.it\/it\/#website\",\"url\":\"https:\/\/avvocati-sl.it\/it\/\",\"name\":\"Studio legale associato EurAmbrosiano\",\"description\":\"Affidabilit\u00e0, competenza, indipendenza\",\"publisher\":{\"@id\":\"https:\/\/avvocati-sl.it\/it\/#organization\"},\"potentialAction\":[{\"@type\":\"SearchAction\",\"target\":{\"@type\":\"EntryPoint\",\"urlTemplate\":\"https:\/\/avvocati-sl.it\/it\/?s={search_term_string}\"},\"query-input\":\"required name=search_term_string\"}],\"inLanguage\":\"it-IT\"},{\"@type\":\"Organization\",\"@id\":\"https:\/\/avvocati-sl.it\/it\/#organization\",\"name\":\"Studio Legale Associato EurAmbrosiano\",\"url\":\"https:\/\/avvocati-sl.it\/it\/\",\"logo\":{\"@type\":\"ImageObject\",\"inLanguage\":\"it-IT\",\"@id\":\"https:\/\/avvocati-sl.it\/it\/#\/schema\/logo\/image\/\",\"url\":\"https:\/\/avvocati-sl.it\/wp-content\/uploads\/Studio-EurAmbrosiano-IMG_0671_c-r.jpg\",\"contentUrl\":\"https:\/\/avvocati-sl.it\/wp-content\/uploads\/Studio-EurAmbrosiano-IMG_0671_c-r.jpg\",\"width\":1632,\"height\":2449,\"caption\":\"Studio Legale Associato EurAmbrosiano\"},\"image\":{\"@id\":\"https:\/\/avvocati-sl.it\/it\/#\/schema\/logo\/image\/\"},\"sameAs\":[\"https:\/\/www.linkedin.com\/company\/studio-legale-associato-eurambrosiano\/?viewAsMember=true\"]}]}<\/script>\n<!-- \/ Yoast SEO plugin. -->","yoast_head_json":{"title":"Maria Cristina Bruni &#8211; Studio legale associato EurAmbrosiano","description":"Maria Cristina Bruni, avvocato Socio dello Studio EurAmbrosiano, esperto in diritto del lavoro, dei trasporti, di famiglia, assicurativo, contrattualistica.","robots":{"index":"index","follow":"follow","max-snippet":"max-snippet:-1","max-image-preview":"max-image-preview:large","max-video-preview":"max-video-preview:-1"},"canonical":"https:\/\/avvocati-sl.it\/it\/professionisti\/maria-cristina-bruni\/","og_locale":"it_IT","og_type":"article","og_title":"Maria Cristina Bruni &#8211; Studio legale associato EurAmbrosiano","og_description":"Maria Cristina Bruni, avvocato Socio dello Studio EurAmbrosiano, esperto in diritto del lavoro, dei trasporti, di famiglia, assicurativo, contrattualistica.","og_url":"https:\/\/avvocati-sl.it\/it\/professionisti\/maria-cristina-bruni\/","og_site_name":"Studio legale associato EurAmbrosiano","article_modified_time":"2025-03-25T11:59:13+00:00","twitter_card":"summary_large_image","twitter_misc":{"Tempo di lettura stimato":"4 minuti"},"schema":{"@context":"https:\/\/schema.org","@graph":[{"@type":"WebPage","@id":"https:\/\/avvocati-sl.it\/it\/professionisti\/maria-cristina-bruni\/","url":"https:\/\/avvocati-sl.it\/it\/professionisti\/maria-cristina-bruni\/","name":"Maria Cristina Bruni &#8211; Studio legale associato EurAmbrosiano","isPartOf":{"@id":"https:\/\/avvocati-sl.it\/it\/#website"},"datePublished":"2019-03-12T15:20:50+00:00","dateModified":"2025-03-25T11:59:13+00:00","description":"Maria Cristina Bruni, avvocato Socio dello Studio EurAmbrosiano, esperto in diritto del lavoro, dei trasporti, di famiglia, assicurativo, contrattualistica.","breadcrumb":{"@id":"https:\/\/avvocati-sl.it\/it\/professionisti\/maria-cristina-bruni\/#breadcrumb"},"inLanguage":"it-IT","potentialAction":[{"@type":"ReadAction","target":["https:\/\/avvocati-sl.it\/it\/professionisti\/maria-cristina-bruni\/"]}]},{"@type":"BreadcrumbList","@id":"https:\/\/avvocati-sl.it\/it\/professionisti\/maria-cristina-bruni\/#breadcrumb","itemListElement":[{"@type":"ListItem","position":1,"name":"Home","item":"https:\/\/avvocati-sl.it\/it\/"},{"@type":"ListItem","position":2,"name":"Professionisti","item":"https:\/\/avvocati-sl.it\/it\/professionisti\/"},{"@type":"ListItem","position":3,"name":"Maria Cristina Bruni"}]},{"@type":"WebSite","@id":"https:\/\/avvocati-sl.it\/it\/#website","url":"https:\/\/avvocati-sl.it\/it\/","name":"Studio legale associato EurAmbrosiano","description":"Affidabilit\u00e0, competenza, indipendenza","publisher":{"@id":"https:\/\/avvocati-sl.it\/it\/#organization"},"potentialAction":[{"@type":"SearchAction","target":{"@type":"EntryPoint","urlTemplate":"https:\/\/avvocati-sl.it\/it\/?s={search_term_string}"},"query-input":"required name=search_term_string"}],"inLanguage":"it-IT"},{"@type":"Organization","@id":"https:\/\/avvocati-sl.it\/it\/#organization","name":"Studio Legale Associato EurAmbrosiano","url":"https:\/\/avvocati-sl.it\/it\/","logo":{"@type":"ImageObject","inLanguage":"it-IT","@id":"https:\/\/avvocati-sl.it\/it\/#\/schema\/logo\/image\/","url":"https:\/\/avvocati-sl.it\/wp-content\/uploads\/Studio-EurAmbrosiano-IMG_0671_c-r.jpg","contentUrl":"https:\/\/avvocati-sl.it\/wp-content\/uploads\/Studio-EurAmbrosiano-IMG_0671_c-r.jpg","width":1632,"height":2449,"caption":"Studio Legale Associato EurAmbrosiano"},"image":{"@id":"https:\/\/avvocati-sl.it\/it\/#\/schema\/logo\/image\/"},"sameAs":["https:\/\/www.linkedin.com\/company\/studio-legale-associato-eurambrosiano\/?viewAsMember=true"]}]}},"_links":{"self":[{"href":"https:\/\/avvocati-sl.it\/it\/wp-json\/wp\/v2\/pages\/1331"}],"collection":[{"href":"https:\/\/avvocati-sl.it\/it\/wp-json\/wp\/v2\/pages"}],"about":[{"href":"https:\/\/avvocati-sl.it\/it\/wp-json\/wp\/v2\/types\/page"}],"author":[{"embeddable":true,"href":"https:\/\/avvocati-sl.it\/it\/wp-json\/wp\/v2\/users\/3"}],"replies":[{"embeddable":true,"href":"https:\/\/avvocati-sl.it\/it\/wp-json\/wp\/v2\/comments?post=1331"}],"version-history":[{"count":2,"href":"https:\/\/avvocati-sl.it\/it\/wp-json\/wp\/v2\/pages\/1331\/revisions"}],"predecessor-version":[{"id":5804,"href":"https:\/\/avvocati-sl.it\/it\/wp-json\/wp\/v2\/pages\/1331\/revisions\/5804"}],"up":[{"embeddable":true,"href":"https:\/\/avvocati-sl.it\/it\/wp-json\/wp\/v2\/pages\/10"}],"wp:attachment":[{"href":"https:\/\/avvocati-sl.it\/it\/wp-json\/wp\/v2\/media?parent=1331"}],"curies":[{"name":"wp","href":"https:\/\/api.w.org\/{rel}","templated":true}]}}