{"id":1590,"date":"2019-04-03T10:23:11","date_gmt":"2019-04-03T10:23:11","guid":{"rendered":"https:\/\/avvocati-sl.it\/?page_id=1590"},"modified":"2022-12-13T16:12:14","modified_gmt":"2022-12-13T16:12:14","slug":"cookie-privacy-policy-eurambrosiano","status":"publish","type":"page","link":"https:\/\/avvocati-sl.it\/it\/cookie-privacy-policy-eurambrosiano\/","title":{"rendered":"Cookie e Privacy policy EurAmbrosiano"},"content":{"rendered":"<div class=\"fusion-fullwidth fullwidth-box fusion-builder-row-1 nonhundred-percent-fullwidth non-hundred-percent-height-scrolling\" style=\"background-color: rgba(255,255,255,0);background-position: center center;background-repeat: no-repeat;padding-top:0px;padding-right:0px;padding-bottom:0px;padding-left:0px;margin-bottom: 0px;margin-top: 0px;border-width: 0px 0px 0px 0px;border-color:#eae9e9;border-style:solid;\" ><div class=\"fusion-builder-row fusion-row\"><div class=\"fusion-layout-column fusion_builder_column fusion-builder-column-0 fusion_builder_column_1_1 1_1 fusion-one-full fusion-column-first fusion-column-last\" style=\"margin-top:0px;margin-bottom:20px;\"><div class=\"fusion-column-wrapper fusion-flex-column-wrapper-legacy\" style=\"background-position:left top;background-repeat:no-repeat;-webkit-background-size:cover;-moz-background-size:cover;-o-background-size:cover;background-size:cover;padding: 0px 0px 0px 0px;\"><div class=\"fusion-text fusion-text-1\"><h2><strong>Informativa sul trattamento dei dati personali<\/strong><\/h2>\n<p>Gentile Cliente,<br \/>\nLa tutela della Sua privacy \u00e8 per noi fondamentale.<\/p>\n<p style=\"text-align: justify;\">Vogliamo informarla ai sensi della normativa vigente e, in particolare, ai sensi del\u00a0<a href=\"https:\/\/avvocati-sl.it\/wp-content\/uploads\/Regolamento-UE-2016-679-GDPR.pdf\" target=\"_blank\" rel=\"noopener noreferrer\">Reg. (UE) 679\/2016 noto come GDPR<\/a>, dell\u2019utilizzo che questo Studio far\u00e0 in relazione ai dati personali di cui entrer\u00e0 in possesso con l\u2019affidamento della Sua pratica e, quindi, con il conferimento del mandato. La informiamo quindi di quanto segue:<\/p>\n<p style=\"text-align: justify;\"><strong>1. Finalit\u00e0 del trattamento dei dati.<\/strong><br \/>\nIl trattamento che svolgeremo \u00e8 finalizzato unicamente alla corretta e completa esecuzione dell\u2019incarico professionale ricevuto, sia in ambito giudiziale che in ambito stragiudiziale. I dati, in particolare quelli sensibili (particolari), se conferiti, vengono conservati in forma cartacea e\/o elettronica, in sicurezza secondo quanto previsto dall\u2019art. 32 del GDPR, per un periodo non superiore a quello strettamente necessario per adempiere all\u2019incarico conferito, in ogni caso non superiore ad un periodo di dieci anni dal termine del mandato, salvo diversamente richiesto dalla legge per adempiere a normative fiscali e di previdenza.<\/p>\n<p style=\"text-align: justify;\"><strong>2. Modalit\u00e0 del trattamento dei dati.<\/strong><br \/>\na) Il trattamento \u00e8 realizzato per mezzo delle operazioni o complesso di operazioni gi\u00e0 indicate all\u2019art. 4 comma 1 lett. a) T.U. 196\/03. Quindi si tratta della raccolta, registrazione, organizzazione, conservazione, consultazione, elaborazione, modificazione, selezione, estrazione, raffronto, utilizzo, blocco, comunicazione, cancellazione e distruzione dei dati.<br \/>\nb) Le operazioni possono essere svolte con o senza l\u2019ausilio di strumenti elettronici o comunque automatizzati, sempre nel rispetto di quanto previsto dall\u2019art. 32 del GDPR 2016\/679 in materia di misure di sicurezza, ad opera di soggetti appositamente autorizzati e in ottemperanza a quanto previsto dall\u2019art. 29 GDPR 2016\/ 679.<br \/>\nc) il trattamento dei dati non \u00e8 volto alla Sua profilazione n\u00e9 \u00e8 altrimenti utilizzato ai fini di informativa commerciale, ma risulta unicamente diretto all\u2019esecuzione del mandato e agli adempimenti antiriciclaggio, fiscali e previdenziali conseguenti.<\/p>\n<p><strong>3. Conferimento dei dati.<\/strong><br \/>\nIl conferimento dei Suoi dati personali comuni, sensibili e giudiziari \u00e8 strettamente necessario ai fini dello svolgimento delle attivit\u00e0 di cui al punto 1.<\/p>\n<p><strong>4. Rifiuto di conferimento dei dati.<\/strong><br \/>\nL\u2019eventuale rifiuto da parte dell\u2019interessato di conferire dati personali nel caso di cui al punto 3 comporta l\u2019impossibilit\u00e0 di adempiere al mandato.<\/p>\n<p style=\"text-align: justify;\"><strong>5. Comunicazione dei dati.<\/strong><br \/>\nI dati personali possono venire a conoscenza degli autorizzati al trattamento e possono essere comunicati per le finalit\u00e0 di cui al punto 1 a collaboratori esterni (ad esempio CTP o domiciliatari) soggetti e autorit\u00e0 operanti nel settore giudiziario o loro ausiliari (ad esempio CTU), alle controparti e relativi difensori, a collegi di arbitri o a singoli arbitri e, in genere, a tutti quei soggetti pubblici e privati cui la comunicazione sia necessaria per il corretto adempimento delle finalit\u00e0 indicate nel punto 1 o per obbligo di legge gravante sullo Studio o suoi associati.<\/p>\n<p><strong>6. Diffusione dei dati.<\/strong><br \/>\nI dati personali non sono soggetti a diffusione.<\/p>\n<p style=\"text-align: justify;\"><strong>7. Trasferimento dei dati all\u2019estero.<\/strong><br \/>\nI dati personali possono essere trasferiti, se necessario per l\u2019esecuzione del mandato, verso Paesi dell\u2019Unione Europea e verso Paesi terzi rispetto all\u2019Unione Europea nell\u2019ambito delle finalit\u00e0 di cui al punto 1 in forma elettronica o cartacea attraverso il servizio postale o tramite connessione di rete (ad esempio, nel caso di necessit\u00e0 di agire giudizialmente in Stato estero, tramite comunicazione dei dati ad un corrispondente avvocato di quello Stato).<\/p>\n<p style=\"text-align: justify;\"><strong>8. Diritti dell\u2019interessato.<\/strong><br \/>\nVogliamo segnalarle i Suoi diritti in riferimento ai dati che raccogliamo.<br \/>\nGli artt. 13, 14, 15 e ss del Reg. Eu 679\/2016 Le attribuiscono specifici diritti: quello di ottenere dal titolare la conferma dell\u2019esistenza o meno di propri dati personali e la loro messa a disposizione in forma intelligibile; il diritto di avere conoscenza dell\u2019origine dei dati, della finalit\u00e0 e delle modalit\u00e0 del trattamento, di revocarne il consenso (senza pregiudicare la liceit\u00e0 del trattamento basata sul consenso prestato prima della revoca), della logica applicata al trattamento, degli estremi identificativi del titolare e dei soggetti cui i dati possono essere o sono stati comunicati, delle categorie dei dati personali; ha inoltre diritto di ottenere l\u2019aggiornamento, la rettificazione e l\u2019integrazione dei dati, la loro cancellazione, la limitazione del trattamento, la trasformazione in forma anonima o il blocco dei dati trattati in violazione della legge; il titolare ha il diritto di opporsi, per motivi legittimi, al trattamento dei dati ovvero di trasferirli a soggetti terzi (portabilit\u00e0) o ancora di proporre reclamo a un\u2019autorit\u00e0 di controllo, salvo ogni altro ricorso amministrativo o giurisdizionale.<\/p>\n<p style=\"text-align: justify;\"><strong>9. Titolare del trattamento.<\/strong><br \/>\nTitolare del trattamento \u00e8 lo Studio Legale Associato Eurambrosiano, corrente in Milano (20123), alla Via Giacomo Leopardi n.14 segreteria@avvocati-sl.it \u2013 tel: 0248195488<\/p>\n<h2><\/h2>\n<h2><strong>Cookie policy<\/strong><\/h2>\n<p><strong>Utilizziamo cookie tecnici di terze parti.<\/strong><\/p>\n<p style=\"text-align: justify;\">I cookie possono essere di prima o di\u00a0<strong>terza parte<\/strong>, dove per &#8220;prima parte&#8221; si intendono i cookie che riportano come dominio il sito, mentre per &#8220;terza parte&#8221; si intendono i cookie che sono relativi a domini esterni, installati da un soggetto esterno.<\/p>\n<p>I cookie possono poi essere distinti in cookie \u00a0tecnici e di profilazione.<\/p>\n<p style=\"text-align: justify;\">I cookie di profilazione sono volti a creare profili relativi all&#8217;utente e vengono utilizzati al fine di inviare messaggi pubblicitari in linea con le preferenze manifestate dallo stesso nell&#8217;ambito della navigazione in rete. Per l&#8217;utilizzo dei cookie di profilazione \u00e8 richiesto il consenso dell&#8217;interessato.<\/p>\n<p style=\"text-align: justify;\">I cookie\u00a0<strong>tecnici<\/strong>\u00a0sono quelli utilizzati al solo fine di &#8220;effettuare la trasmissione di una comunicazione su una rete di comunicazione elettronica, o nella misura strettamente necessaria al fornitore di un servizio della societ\u00e0 dell&#8217;informazione esplicitamente richiesto dall&#8217;abbonato o dall&#8217;utente a erogare tale servizio&#8221; <a href=\"https:\/\/www.garanteprivacy.it\/web\/guest\/home\/docweb\/-\/docweb-display\/docweb\/3118884\" target=\"_blank\" rel=\"noopener noreferrer\">(cfr. art. 122, comma 1, del Codice Privacy)<\/a>. Comprendono cookie di navigazione o di sessione.<\/p>\n<h2>PERSONAL DATA<\/h2>\n<p style=\"text-align: justify;\">Dear Client,<\/p>\n<p style=\"text-align: justify;\">We wish to inform you that Studio legale associato EurAmbrosiano\u00a0 (\u201cour Law Firm\u201d or \u201cthe Law Firm\u201d)\u00a0 may collect, use and process your personal information in order to carry out the assignment, as stated in the following and required by the <a href=\"https:\/\/avvocati-sl.it\/wp-content\/uploads\/Regulation-EU-2016-679-GDPR.pdf\" target=\"_blank\" rel=\"noopener noreferrer\">EU Regulation 2016\/679 (GDPR)<\/a>:<\/p>\n<p style=\"text-align: justify;\"><strong>1.Purposes of data processing<\/strong><\/p>\n<p style=\"text-align: justify;\">The treatment our Law Firm willl carry out is aimed solely at the correct and complete execution of the professional assignment received, both in judicial and extrajudicial fields. The data, in particular sensitive (particular) data, if conferred, are kept in paper and \/ or electronic form, in safety according to the provisions of art. 32 of the GDPR, for a period not exceeding what is strictly necessary to fulfill the assignment conferred, in any case not exceeding a period of ten years from the end of the mandate, unless otherwise required by law to comply with tax and social security regulations.<\/p>\n<p style=\"text-align: justify;\"><strong>2.Methods of data processing<\/strong><\/p>\n<p style=\"text-align: justify;\">a) The processing is carried out by means of the operations or set of operations already indicated in art. 4 paragraph 1 lett.a) U. 196\/03: collection, registration, organization, storage, consultation, processing, modification, selection, extraction, comparison, use, blocking, communication, cancellation and destruction of data.<\/p>\n<p style=\"text-align: justify;\">b) Operations may be carried out with or without the aid of electronic or automated means, always in compliance with the provisions of art. 32 of the GDPR 2016\/679 concerning security measures, by specifically authorized persons and in compliance with the provisions of art. 29 GDPR 2016\/679.<\/p>\n<p style=\"text-align: justify;\">c) the data are not subject to profiling or commercial use but are solely directed to the execution of the assignment and to the anti-money laundering, tax and social security obligations required.<\/p>\n<p style=\"text-align: justify;\"><strong>3.Provision of data<\/strong><\/p>\n<p style=\"text-align: justify;\">The provision of your personal, sensitive and judicial personal data is strictly necessary for the purposes of carrying out the activities referred-to in point 1.<\/p>\n<p style=\"text-align: justify;\"><strong>4.Refusal to provide data<\/strong><\/p>\n<p style=\"text-align: justify;\">Any refusal by the interested party to provide personal data referred-to in point 3\u00a0 entails the impossibility to fulfill the mandate.<\/p>\n<p style=\"text-align: justify;\"><strong>5.Communication of data<\/strong><\/p>\n<p style=\"text-align: justify;\">Personal data may be disclosed to those persons authorized to process them and may be communicated for the purposes referred-to in point 1 to external collaborator, subjects and authorities operating in the judicial sector or their auxiliaries, counterparties and related defenders, arbitrators&#8217; colleges or individual arbitrators and, in general, to all those public and private subjects to whom the communication is necessary for the correct fulfillment of the purposes indicated in point 1 or due to the legal obligation imposed on the Law Firm or on its associates.<\/p>\n<p style=\"text-align: justify;\"><strong>6.Disclosure of the data<\/strong><\/p>\n<p style=\"text-align: justify;\">Personal data are not subject to disclosure.<\/p>\n<p style=\"text-align: justify;\"><strong>7.Transfer of data abroad<\/strong><\/p>\n<p style=\"text-align: justify;\">Personal data may be transferred, if necessary for the execution of the assigmment, to countries of the European Union and to third countries for the purposes referred-to in point 1, in electronic or paper form through the postal service or through a network connection (for example, in case of need to act judicially in a foreign country, by communicating the data to a corresponding lawyer of that State).<\/p>\n<p style=\"text-align: justify;\"><strong>8.Rights of the interested party<\/strong><\/p>\n<p style=\"text-align: justify;\">The articles 13, 14, 15 and following of Reg. Eu 679\/2016 grant specific rights:<\/p>\n<ul style=\"text-align: justify;\">\n<li>the right to obtain from the holder confirmation of the existence or otherwise of their personal data and their availability in an intelligible form;<\/li>\n<li>the right to know the origin of the data, the purposes and methods of processing,<\/li>\n<li>the right to revoke the consent (without prejudice to the lawfulness of the treatment based on the consent given prior to the revocation),<\/li>\n<li>the right to know the logic applied to the processing, the identity of the holder and of the subjects to whom the data may be or have been communicated,\u00a0 the categories of personal data;<\/li>\n<li>the right to obtain the updating, rectification and integration of data, their cancellation, the limitation of processing, transformation into anonymous form or blocking of data processed in violation of the law;<\/li>\n<li>the right to object, for legitimate reasons, to the processing of data or to transfer it to third parties (portability) or to propose a complaint to a supervisory authority, without prejudice to any other administrative or judicial appeal.<\/li>\n<\/ul>\n<p style=\"text-align: justify;\"><strong>9.Data controller<\/strong><\/p>\n<p style=\"text-align: justify;\">Data controller is Studio legale associato EurAmbrosiano, current in Milan (20123),\u00a0 Via Giacomo Leopardi n. 14 &#8211; segreteria@avvocati-sl.it &#8211; tel: 0248195488<\/p>\n<h2 style=\"text-align: justify;\"><strong>Cookie policy<\/strong><\/h2>\n<p style=\"text-align: justify;\"><strong>We use third-party technical cookies.<\/strong><\/p>\n<p style=\"text-align: justify;\">Cookies can then be distinguished in first-party or third-party cookies.<\/p>\n<p style=\"text-align: justify;\">A\u00a0first-party cookie\u00a0refers to a\u00a0cookie\u00a0created by the domain that a web user is visiting, while a <strong>third-party<\/strong> cookie is related to external domains and is installed by an external domai .<\/p>\n<p style=\"text-align: justify;\">Cookies can then be distinguished in technical and profiling cookies.<\/p>\n<p style=\"text-align: justify;\">Profiling cookies are aimed to create user profiles and are used in order to send advertising messages targeted for the user or group of people where user belongs. The use of profiling cookies requires the consent of the interested party.<\/p>\n<p style=\"text-align: justify;\"><strong>Technical cookies<\/strong> are used for the sole purpose of \u201ctransmitting a communication over an electronic communication network, or as strictly necessary for the provider of an information society service explicitly requested by the subscriber or user to provide such service &#8220;(see article 122, paragraph 1 of the Privacy Code).<\/p>\n<p style=\"text-align: justify;\">Technical cookies are those used exclusively with a view to &#8220;carrying out the transmission of a communication on an electronic communications network, or insofar as this is strictly necessary to the provider of an information society service that has been explicitly requested by the contracting party or user to provide the said service.&#8221; (<a href=\"https:\/\/www.garanteprivacy.it\/web\/guest\/home\/docweb\/-\/docweb-display\/docweb\/3167654\" target=\"_blank\" rel=\"noopener noreferrer\">see Section 122(1) of the Code<\/a>). They include browsing or session cookies.<\/p>\n<\/div><div class=\"fusion-clearfix\"><\/div><\/div><\/div><\/div><\/div>\n","protected":false},"excerpt":{"rendered":"","protected":false},"author":3,"featured_media":0,"parent":0,"menu_order":0,"comment_status":"closed","ping_status":"closed","template":"100-width.php","meta":[],"yoast_head":"<!-- This site is optimized with the Yoast SEO plugin v21.7 - https:\/\/yoast.com\/wordpress\/plugins\/seo\/ -->\n<title>Cookie e Privacy policy EurAmbrosiano &#8211; Studio legale associato EurAmbrosiano<\/title>\n<meta name=\"description\" content=\"Privacy policy e cookie policy dello studio legale associato EurAmbrosiano (PI\/CF 05540340964)\" \/>\n<meta name=\"robots\" content=\"index, follow, max-snippet:-1, max-image-preview:large, max-video-preview:-1\" \/>\n<link rel=\"canonical\" href=\"https:\/\/avvocati-sl.it\/it\/cookie-privacy-policy-eurambrosiano\/\" \/>\n<meta property=\"og:locale\" content=\"it_IT\" \/>\n<meta property=\"og:type\" content=\"article\" \/>\n<meta property=\"og:title\" content=\"Cookie e Privacy policy EurAmbrosiano &#8211; Studio legale associato EurAmbrosiano\" \/>\n<meta property=\"og:description\" content=\"Privacy policy e cookie policy dello studio legale associato EurAmbrosiano (PI\/CF 05540340964)\" \/>\n<meta property=\"og:url\" content=\"https:\/\/avvocati-sl.it\/it\/cookie-privacy-policy-eurambrosiano\/\" \/>\n<meta property=\"og:site_name\" content=\"Studio legale associato EurAmbrosiano\" \/>\n<meta property=\"article:modified_time\" content=\"2022-12-13T16:12:14+00:00\" \/>\n<meta name=\"twitter:card\" content=\"summary_large_image\" \/>\n<meta name=\"twitter:label1\" content=\"Tempo di lettura stimato\" \/>\n\t<meta name=\"twitter:data1\" content=\"11 minuti\" \/>\n<script type=\"application\/ld+json\" class=\"yoast-schema-graph\">{\"@context\":\"https:\/\/schema.org\",\"@graph\":[{\"@type\":\"WebPage\",\"@id\":\"https:\/\/avvocati-sl.it\/it\/cookie-privacy-policy-eurambrosiano\/\",\"url\":\"https:\/\/avvocati-sl.it\/it\/cookie-privacy-policy-eurambrosiano\/\",\"name\":\"Cookie e Privacy policy EurAmbrosiano &#8211; Studio legale associato EurAmbrosiano\",\"isPartOf\":{\"@id\":\"https:\/\/avvocati-sl.it\/it\/#website\"},\"datePublished\":\"2019-04-03T10:23:11+00:00\",\"dateModified\":\"2022-12-13T16:12:14+00:00\",\"description\":\"Privacy policy e cookie policy dello studio legale associato EurAmbrosiano (PI\/CF 05540340964)\",\"breadcrumb\":{\"@id\":\"https:\/\/avvocati-sl.it\/it\/cookie-privacy-policy-eurambrosiano\/#breadcrumb\"},\"inLanguage\":\"it-IT\",\"potentialAction\":[{\"@type\":\"ReadAction\",\"target\":[\"https:\/\/avvocati-sl.it\/it\/cookie-privacy-policy-eurambrosiano\/\"]}]},{\"@type\":\"BreadcrumbList\",\"@id\":\"https:\/\/avvocati-sl.it\/it\/cookie-privacy-policy-eurambrosiano\/#breadcrumb\",\"itemListElement\":[{\"@type\":\"ListItem\",\"position\":1,\"name\":\"Home\",\"item\":\"https:\/\/avvocati-sl.it\/it\/\"},{\"@type\":\"ListItem\",\"position\":2,\"name\":\"Cookie e Privacy policy EurAmbrosiano\"}]},{\"@type\":\"WebSite\",\"@id\":\"https:\/\/avvocati-sl.it\/it\/#website\",\"url\":\"https:\/\/avvocati-sl.it\/it\/\",\"name\":\"Studio legale associato EurAmbrosiano\",\"description\":\"Affidabilit\u00e0, competenza, indipendenza\",\"publisher\":{\"@id\":\"https:\/\/avvocati-sl.it\/it\/#organization\"},\"potentialAction\":[{\"@type\":\"SearchAction\",\"target\":{\"@type\":\"EntryPoint\",\"urlTemplate\":\"https:\/\/avvocati-sl.it\/it\/?s={search_term_string}\"},\"query-input\":\"required name=search_term_string\"}],\"inLanguage\":\"it-IT\"},{\"@type\":\"Organization\",\"@id\":\"https:\/\/avvocati-sl.it\/it\/#organization\",\"name\":\"Studio Legale Associato EurAmbrosiano\",\"url\":\"https:\/\/avvocati-sl.it\/it\/\",\"logo\":{\"@type\":\"ImageObject\",\"inLanguage\":\"it-IT\",\"@id\":\"https:\/\/avvocati-sl.it\/it\/#\/schema\/logo\/image\/\",\"url\":\"https:\/\/avvocati-sl.it\/wp-content\/uploads\/Studio-EurAmbrosiano-IMG_0671_c-r.jpg\",\"contentUrl\":\"https:\/\/avvocati-sl.it\/wp-content\/uploads\/Studio-EurAmbrosiano-IMG_0671_c-r.jpg\",\"width\":1632,\"height\":2449,\"caption\":\"Studio Legale Associato EurAmbrosiano\"},\"image\":{\"@id\":\"https:\/\/avvocati-sl.it\/it\/#\/schema\/logo\/image\/\"},\"sameAs\":[\"https:\/\/www.linkedin.com\/company\/studio-legale-associato-eurambrosiano\/?viewAsMember=true\"]}]}<\/script>\n<!-- \/ Yoast SEO plugin. -->","yoast_head_json":{"title":"Cookie e Privacy policy EurAmbrosiano &#8211; Studio legale associato EurAmbrosiano","description":"Privacy policy e cookie policy dello studio legale associato EurAmbrosiano (PI\/CF 05540340964)","robots":{"index":"index","follow":"follow","max-snippet":"max-snippet:-1","max-image-preview":"max-image-preview:large","max-video-preview":"max-video-preview:-1"},"canonical":"https:\/\/avvocati-sl.it\/it\/cookie-privacy-policy-eurambrosiano\/","og_locale":"it_IT","og_type":"article","og_title":"Cookie e Privacy policy EurAmbrosiano &#8211; Studio legale associato EurAmbrosiano","og_description":"Privacy policy e cookie policy dello studio legale associato EurAmbrosiano (PI\/CF 05540340964)","og_url":"https:\/\/avvocati-sl.it\/it\/cookie-privacy-policy-eurambrosiano\/","og_site_name":"Studio legale associato EurAmbrosiano","article_modified_time":"2022-12-13T16:12:14+00:00","twitter_card":"summary_large_image","twitter_misc":{"Tempo di lettura stimato":"11 minuti"},"schema":{"@context":"https:\/\/schema.org","@graph":[{"@type":"WebPage","@id":"https:\/\/avvocati-sl.it\/it\/cookie-privacy-policy-eurambrosiano\/","url":"https:\/\/avvocati-sl.it\/it\/cookie-privacy-policy-eurambrosiano\/","name":"Cookie e Privacy policy EurAmbrosiano &#8211; Studio legale associato EurAmbrosiano","isPartOf":{"@id":"https:\/\/avvocati-sl.it\/it\/#website"},"datePublished":"2019-04-03T10:23:11+00:00","dateModified":"2022-12-13T16:12:14+00:00","description":"Privacy policy e cookie policy dello studio legale associato EurAmbrosiano (PI\/CF 05540340964)","breadcrumb":{"@id":"https:\/\/avvocati-sl.it\/it\/cookie-privacy-policy-eurambrosiano\/#breadcrumb"},"inLanguage":"it-IT","potentialAction":[{"@type":"ReadAction","target":["https:\/\/avvocati-sl.it\/it\/cookie-privacy-policy-eurambrosiano\/"]}]},{"@type":"BreadcrumbList","@id":"https:\/\/avvocati-sl.it\/it\/cookie-privacy-policy-eurambrosiano\/#breadcrumb","itemListElement":[{"@type":"ListItem","position":1,"name":"Home","item":"https:\/\/avvocati-sl.it\/it\/"},{"@type":"ListItem","position":2,"name":"Cookie e Privacy policy EurAmbrosiano"}]},{"@type":"WebSite","@id":"https:\/\/avvocati-sl.it\/it\/#website","url":"https:\/\/avvocati-sl.it\/it\/","name":"Studio legale associato EurAmbrosiano","description":"Affidabilit\u00e0, competenza, indipendenza","publisher":{"@id":"https:\/\/avvocati-sl.it\/it\/#organization"},"potentialAction":[{"@type":"SearchAction","target":{"@type":"EntryPoint","urlTemplate":"https:\/\/avvocati-sl.it\/it\/?s={search_term_string}"},"query-input":"required name=search_term_string"}],"inLanguage":"it-IT"},{"@type":"Organization","@id":"https:\/\/avvocati-sl.it\/it\/#organization","name":"Studio Legale Associato EurAmbrosiano","url":"https:\/\/avvocati-sl.it\/it\/","logo":{"@type":"ImageObject","inLanguage":"it-IT","@id":"https:\/\/avvocati-sl.it\/it\/#\/schema\/logo\/image\/","url":"https:\/\/avvocati-sl.it\/wp-content\/uploads\/Studio-EurAmbrosiano-IMG_0671_c-r.jpg","contentUrl":"https:\/\/avvocati-sl.it\/wp-content\/uploads\/Studio-EurAmbrosiano-IMG_0671_c-r.jpg","width":1632,"height":2449,"caption":"Studio Legale Associato EurAmbrosiano"},"image":{"@id":"https:\/\/avvocati-sl.it\/it\/#\/schema\/logo\/image\/"},"sameAs":["https:\/\/www.linkedin.com\/company\/studio-legale-associato-eurambrosiano\/?viewAsMember=true"]}]}},"_links":{"self":[{"href":"https:\/\/avvocati-sl.it\/it\/wp-json\/wp\/v2\/pages\/1590"}],"collection":[{"href":"https:\/\/avvocati-sl.it\/it\/wp-json\/wp\/v2\/pages"}],"about":[{"href":"https:\/\/avvocati-sl.it\/it\/wp-json\/wp\/v2\/types\/page"}],"author":[{"embeddable":true,"href":"https:\/\/avvocati-sl.it\/it\/wp-json\/wp\/v2\/users\/3"}],"replies":[{"embeddable":true,"href":"https:\/\/avvocati-sl.it\/it\/wp-json\/wp\/v2\/comments?post=1590"}],"version-history":[{"count":0,"href":"https:\/\/avvocati-sl.it\/it\/wp-json\/wp\/v2\/pages\/1590\/revisions"}],"wp:attachment":[{"href":"https:\/\/avvocati-sl.it\/it\/wp-json\/wp\/v2\/media?parent=1590"}],"curies":[{"name":"wp","href":"https:\/\/api.w.org\/{rel}","templated":true}]}}