{"id":1819,"date":"2019-04-09T14:20:16","date_gmt":"2019-04-09T14:20:16","guid":{"rendered":"https:\/\/avvocati-sl.it\/?page_id=1819"},"modified":"2023-03-27T14:46:55","modified_gmt":"2023-03-27T14:46:55","slug":"serena-patrisso","status":"publish","type":"page","link":"https:\/\/avvocati-sl.it\/it\/professionisti\/serena-patrisso\/","title":{"rendered":"Serena Patrisso"},"content":{"rendered":"<div class=\"fusion-fullwidth fullwidth-box fusion-builder-row-1 nonhundred-percent-fullwidth non-hundred-percent-height-scrolling\" style=\"background-color: rgba(255,255,255,0);background-position: center center;background-repeat: no-repeat;padding-top:0px;padding-right:0px;padding-bottom:0px;padding-left:0px;margin-bottom: 0px;margin-top: 0px;border-width: 0px 0px 0px 0px;border-color:#eae9e9;border-style:solid;\" ><div class=\"fusion-builder-row fusion-row\"><div class=\"fusion-layout-column fusion_builder_column fusion-builder-column-0 fusion_builder_column_1_2 1_2 fusion-one-half fusion-column-first\" style=\"width:50%;width:calc(50% - ( ( 4% ) * 0.5 ) );margin-right: 4%;margin-top:0px;margin-bottom:20px;\"><div class=\"fusion-column-wrapper fusion-flex-column-wrapper-legacy\" style=\"background-position:left top;background-repeat:no-repeat;-webkit-background-size:cover;-moz-background-size:cover;-o-background-size:cover;background-size:cover;padding: 0px 0px 0px 0px;\"><div class=\"fusion-content-boxes content-boxes columns row fusion-columns-1 fusion-columns-total-1 fusion-content-boxes-1 content-boxes-icon-with-title content-left\" data-animationOffset=\"top-into-view\" style=\"margin-top:0px;margin-bottom:60px;\"><style type=\"text\/css\">.fusion-content-boxes-1 .heading .content-box-heading {color:#3b4251;}\n\t\t\t\t\t.fusion-content-boxes-1 .fusion-content-box-hover .link-area-link-icon-hover .heading .content-box-heading,\n\t\t\t\t\t.fusion-content-boxes-1 .fusion-content-box-hover .link-area-link-icon-hover .heading .heading-link .content-box-heading,\n\t\t\t\t\t.fusion-content-boxes-1 .fusion-content-box-hover .link-area-box-hover .heading .content-box-heading,\n\t\t\t\t\t.fusion-content-boxes-1 .fusion-content-box-hover .link-area-box-hover .heading .heading-link .content-box-heading,\n\t\t\t\t\t.fusion-content-boxes-1 .fusion-content-box-hover .link-area-link-icon-hover.link-area-box .fusion-read-more,\n\t\t\t\t\t.fusion-content-boxes-1 .fusion-content-box-hover .link-area-link-icon-hover.link-area-box .fusion-read-more::after,\n\t\t\t\t\t.fusion-content-boxes-1 .fusion-content-box-hover .link-area-link-icon-hover.link-area-box .fusion-read-more::before,\n\t\t\t\t\t.fusion-content-boxes-1 .fusion-content-box-hover .fusion-read-more:hover:after,\n\t\t\t\t\t.fusion-content-boxes-1 .fusion-content-box-hover .fusion-read-more:hover:before,\n\t\t\t\t\t.fusion-content-boxes-1 .fusion-content-box-hover .fusion-read-more:hover,\n\t\t\t\t\t.fusion-content-boxes-1 .fusion-content-box-hover .link-area-box-hover.link-area-box .fusion-read-more,\n\t\t\t\t\t.fusion-content-boxes-1 .fusion-content-box-hover .link-area-box-hover.link-area-box .fusion-read-more::after,\n\t\t\t\t\t.fusion-content-boxes-1 .fusion-content-box-hover .link-area-box-hover.link-area-box .fusion-read-more::before,\n\t\t\t\t\t.fusion-content-boxes-1 .fusion-content-box-hover .link-area-link-icon-hover .icon .circle-no,\n\t\t\t\t\t.fusion-content-boxes-1 .heading .heading-link:hover .content-box-heading {\n\t\t\t\t\t\tcolor: #1a80b6;\n\t\t\t\t\t}\n\t\t\t\t\t.fusion-content-boxes-1 .fusion-content-box-hover .link-area-box-hover .icon .circle-no {\n\t\t\t\t\t\tcolor: #1a80b6 !important;\n\t\t\t\t\t}.fusion-content-boxes-1 .fusion-content-box-hover .link-area-box.link-area-box-hover .fusion-content-box-button {background: #5aabd6;color: #105378;background-image: -webkit-gradient( linear, left bottom, left top, from( #90c9e8 ), to( #5aabd6 ) );background-image: linear-gradient( to top, #90c9e8, #5aabd6 )}.fusion-content-boxes-1 .fusion-content-box-hover .link-area-box.link-area-box-hover .fusion-content-box-button .fusion-button-text {color: #105378;}\n\t\t\t\t\t.fusion-content-boxes-1 .fusion-content-box-hover .link-area-link-icon-hover .heading .icon > span {\n\t\t\t\t\t\tbackground-color: transparent !important;\n\t\t\t\t\t}\n\t\t\t\t\t.fusion-content-boxes-1 .fusion-content-box-hover .link-area-box-hover .heading .icon > span {\n\t\t\t\t\t\tborder-color: #1a80b6 !important;\n\t\t\t\t\t}<\/style><div class=\"fusion-column content-box-column content-box-column content-box-column-1 col-lg-12 col-md-12 col-sm-12 fusion-content-box-hover content-box-column-last content-box-column-last-in-row\"><div class=\"col content-box-wrapper content-wrapper link-area-box icon-hover-animation-slide\" style=\"background-color:rgba(255,255,255,0);\" data-animationOffset=\"top-into-view\"><div class=\"heading icon-left\"><h2 class=\"content-box-heading\" style=\"font-size:0px;line-height:5px;\">Serena Patrisso<\/h2><\/div><div class=\"fusion-clearfix\"><\/div><div class=\"content-container\" style=\"color:#747474;\">\n<h3 style=\"text-align: justify;\">Serena Patrisso<\/h3>\n<p style=\"text-align: justify;\">Avvocato, iscritta dal 2006 all\u2019Ordine degli Avvocati di Milano e dal 22 aprile 2016, a seguito di superamento del relativo esame, nell\u2019Albo Speciale degli Avvocati Cassazionisti ammessi al patrocinio dinanzi alla Corte Suprema di Cassazione e alle altre giurisdizioni superiori.<\/p>\n<p style=\"text-align: justify;\">Dal 2016 \u00e8\u00a0<a href=\"http:\/\/www.avvocati-sl.it\/documenti\/Serena_Patrisso_Italian_Representative_UAE_2017.pdf\" target=\"_blank\" rel=\"noopener noreferrer\">Italian Representative<\/a>\u00a0della Camera di Commercio Italiana negli\u00a0<a href=\"http:\/\/www.assocamerestero.it\/default.asp?idtema=1&amp;idtemacat=1&amp;page=informazioni&amp;index=1&amp;idcategoria=34078&amp;view=1&amp;ks=1\" target=\"_blank\" rel=\"noopener noreferrer\">Emirati Arabi Uniti<\/a>.<br \/>\nCon formazione universitaria in diritto amministrativo e comunitario, presso l\u2019Universit\u00e0 degli Studi di Torino, dove ha conseguito la laurea in giurisprudenza nel 2002, e presso alcune Universit\u00e0 estere, con borsa di studio (Universit\u00e0 di Trier, Germania, anno accademico 2000-2001, nell\u2019ambito del progetto Erasmus; Magdalen College di Oxford, luglio 2002, nell\u2019ambito della Summer School dell\u2019Universit\u00e0 di San Diego, California). Ha acquisito significativa formazione ed esperienza in diritto dell\u2019ambiente, in Germania, presso l\u2019Universit\u00e0 di Trier, nell\u2019ambito dell\u2019anno accademico 2000-2001 e, nell\u2019ambito di uno stage (gennaio \u2013 aprile 2001), presso l\u2019Europ\u00e4ische Rechtsakademie di Trier, fondazione pubblica sostenuta dall&#8217;Unione europea, che svolge attivit\u00e0 di formazione e informazione destinata agli operatori del diritto. Successivamente in Italia, ha conseguito Master in Diritto ambientale presso l\u2019Universit\u00e0 Statale di Milano (a.a. 2002-2003), con approfondimento dei principali aspetti del diritto dell\u2019ambiente a livello comunitario e nazionale.<\/p>\n<p style=\"text-align: justify;\">In ambito professionale si occupa prevalentemente di diritto amministrativo, conseguendo specifica esperienza in relazione ai seguenti settori:<\/p>\n<ul style=\"text-align: justify;\">\n<li>appalti e concessioni pubblici, compresa la fase di esecuzione e le questioni risarcitorie connesse, con riferimento ai principali profili che formano oggetto di contenzioso fra le imprese e la pubblica amministrazione (cause di esclusione, avvalimento, sanzioni dell\u2019Autorit\u00e0 di Vigilanza sui contratti pubblici, cessione di azienda, etc.),<\/li>\n<li>urbanistica ed edilizia (in ordine ai piani urbanistici generali e di attuazione, all\u2019edilizia pubblica residenziale, ai permessi di costruire, alle segnalazioni certificate di inizio attivit\u00e0 (SCIA), agli oneri concessori, all\u2019agibilit\u00e0 degli edifici, all\u2019espropriazione, alle sanzioni amministrative in materia urbanistica, agli abusi edilizi, etc.),<\/li>\n<li>ambiente, con particolare riferimento alla valutazione di impatto ambientale e valutazione ambientale strategica, alla difesa del suolo e delle acque, alla disciplina degli scarichi, alla gestione dei rifiuti,-procedimenti avanti alla Banca d\u2019Italia e alle Autorit\u00e0 indipendenti (ANAC,AGCM, AEEG, etc.)<\/li>\n<li>farmacie, anche in relazione alle recenti novit\u00e0 introdotte dall\u2019art. 11 del decreto-legge n. 1 del 2012,-accreditamento delle strutture sanitarie e relativi controlli della pubblica amministrazione<\/li>\n<li>commercio, con riferimento alla piccola, media e grande distribuzione (in ordine alle autorizzazioni all\u2019apertura di centri commerciali, alle sanzioni, agli orari di apertura e chiusura degli esercizi commerciali, etc.),<\/li>\n<li>responsabilit\u00e0 contabile e amministrativa dei funzionari dello stato, ricadente nella giurisdizione della Corte dei Conti-demanio idrico, di giurisdizione del Tribunale delle acque pubbliche.<\/li>\n<\/ul>\n<p style=\"text-align: justify;\">Estrema attenzione viene dedicata nell\u2019ambito dei predetti settori alle eventuali questioni di diritto comunitario e dell\u2019Unione Europea, ai diritti riconosciuti dalla Convenzione Europea dei Diritti dell\u2019Uomo e al diritto elaborato dalla Corte Europea dei Diritti dell\u2019Uomo, alle eventuali questioni di diritto costituzionale e penale, che frequentemente vengono in rilievo sia in sede giudiziale sia in sede stragiudiziale.<\/p>\n<p style=\"text-align: justify;\">Pubblicazioni e docenze:<\/p>\n<ul style=\"text-align: justify;\">\n<li>AA. VV.,\u00a0 \u201cL\u2019ambiente nella Giurisprudenza \u2013 le massime\u201d, ed. Giuffr\u00e9, supplemento alla Rivista giuridica dell\u2019ambiente, n. 1 del 2004<\/li>\n<li>\u201cAccess to justice in environmental matters\u201d, studio promosso dalla Commissione Europea (v. europa.eu.int\/comm\/environment\/ aarhus), 2002,<\/li>\n<li>Collaborazione al volume A.L. De Cesaris e Stefano Nespor \u201cCodice dei beni culturali e del paesaggio\u201d, ed. Gedit, 2004.<\/li>\n<li>Docenza nell\u2019ambito del corso \u201cLa riforma del settore \u2013 il nuovo codice della strada \u2013 documenti e contratti di trasporto\u201d, presso la Federazione Autotrasportatori Italiani \u2013 Associazione provinciale di Milano, tenutosi nelle date 26-27 gennaio e 2-3- febbraio 2011<\/li>\n<\/ul>\n<p style=\"text-align: justify;\">Lingue conosciute: italiano, tedesco e inglese.<\/p>\n<\/div><\/div><\/div><style type=\"text\/css\">\n\t\t\t\t\t\t.fusion-content-boxes-1 .fusion-content-box-hover .heading-link:hover .icon i.circle-yes,\n\t\t\t\t\t\t.fusion-content-boxes-1 .fusion-content-box-hover .link-area-box:hover .heading-link .icon i.circle-yes,\n\t\t\t\t\t\t.fusion-content-boxes-1 .fusion-content-box-hover .link-area-link-icon-hover .heading .icon i.circle-yes,\n\t\t\t\t\t\t.fusion-content-boxes-1 .fusion-content-box-hover .link-area-box-hover .heading .icon i.circle-yes {\n\t\t\t\t\t\t\tbackground-color: transparent !important;\n\t\t\t\t\t\t\tborder-color: #1a80b6 !important;\n\t\t\t\t\t\t}<\/style><div class=\"fusion-clearfix\"><\/div><\/div><div class=\"fusion-clearfix\"><\/div><\/div><\/div><div class=\"fusion-layout-column fusion_builder_column fusion-builder-column-1 fusion_builder_column_1_2 1_2 fusion-one-half fusion-column-last\" style=\"width:50%;width:calc(50% - ( ( 4% ) * 0.5 ) );margin-top:0px;margin-bottom:20px;\"><div class=\"fusion-column-wrapper fusion-flex-column-wrapper-legacy\" style=\"background-position:left top;background-repeat:no-repeat;-webkit-background-size:cover;-moz-background-size:cover;-o-background-size:cover;background-size:cover;padding: 0px 0px 0px 0px;\"><div class=\"fusion-person person fusion-person-left fusion-person-1 fusion-person-icon-top\"><div class=\"person-shortcode-image-wrapper\"><div class=\"person-image-container hover-type-none\" style=\"border:0px solid #f6f6f6;-webkit-border-radius:0px;-moz-border-radius:0px;border-radius:0px;\"><img decoding=\"async\" class=\"person-img img-responsive wp-image-1320\" width=\"2172\" height=\"3143\" src=\"https:\/\/avvocati-sl.it\/wp-content\/uploads\/2019\/03\/Serena-Patrisso-per-sito.jpg\" alt=\"Serena Patrisso\" srcset=\"https:\/\/avvocati-sl.it\/wp-content\/uploads\/2019\/03\/Serena-Patrisso-per-sito-200x289.jpg 200w, https:\/\/avvocati-sl.it\/wp-content\/uploads\/2019\/03\/Serena-Patrisso-per-sito-400x579.jpg 400w, https:\/\/avvocati-sl.it\/wp-content\/uploads\/2019\/03\/Serena-Patrisso-per-sito-600x868.jpg 600w, https:\/\/avvocati-sl.it\/wp-content\/uploads\/2019\/03\/Serena-Patrisso-per-sito-800x1158.jpg 800w, https:\/\/avvocati-sl.it\/wp-content\/uploads\/2019\/03\/Serena-Patrisso-per-sito-1200x1736.jpg 1200w, https:\/\/avvocati-sl.it\/wp-content\/uploads\/2019\/03\/Serena-Patrisso-per-sito.jpg 2172w\" sizes=\"(max-width: 850px) 100vw, 600px\" \/><\/div><\/div><div class=\"person-desc\"><div class=\"person-author\"><div class=\"person-author-wrapper\"><span class=\"person-name\">Serena Patrisso<\/span><span class=\"person-title\">OF COUNSEL<\/span><\/div><div class=\"fusion-social-networks boxed-icons\"><div class=\"fusion-social-networks-wrapper\"><a class=\"fusion-social-network-icon fusion-tooltip fusion-mail awb-icon-mail\" aria-label=\"fusion-mail\" href=\"mailto:&#115;e&#114;enapat&#114;&#105;&#115;so&#064;a&#118;v&#111;&#099;&#097;t&#105;-s&#108;&#046;i&#116;\" target=\"_self\" style=\"color:#ffffff;background-color:#55a098;border-color:#55a098;border-radius:4px;font-size:14px;padding:7px;\" data-placement=\"top\" data-title=\"Mail\" title=\"Mail\" data-toggle=\"tooltip\"><\/a><\/div><\/div><\/div><div class=\"person-content fusion-clearfix\"><\/div><\/div><\/div><style type=\"text\/css\">.fusion-person-1 .boxed-icons .fusion-social-network-icon{border-top-width:0px !important;border-right-width:0px !important;border-bottom-width:0px !important;border-left-width:0px !important;border-color:var(--awb-color3) !important;}.fusion-person-1 .boxed-icons .fusion-social-network-icon:hover{background-color:rgba(85,160,152,0.8) !important;border-color:var(--awb-color4) !important;}.fusion-person-1 .fusion-social-network-icon:hover{color:rgba(255,255,255,0.8) !important;}.fusion-person-1{ margin-top : 0px;margin-right : 0px;margin-bottom : 0px;margin-left : 0px;}<\/style><div class=\"fusion-section-separator section-separator bigtriangle fusion-section-separator-1\"><div class=\"fusion-section-separator-svg\" style=\"padding:0;margin-left: 0px;margin-right: 0px;\"><svg class=\"fusion-big-triangle-candy\" xmlns=\"http:\/\/www.w3.org\/2000\/svg\" version=\"1.1\" width=\"100%\" height=\"100\" viewBox=\"0 0 100 100\" preserveAspectRatio=\"none\" style=\"padding:0;\" fill=\"rgba(246,246,246,1)\"><path d=\"M0 100 L50 2 L100 100 Z\"><\/path><\/svg><\/div><div class=\"fusion-section-separator-spacer\"><div class=\"fusion-section-separator-spacer-height\" style=\"height:99px;\"><\/div><\/div><\/div><div class=\"fusion-clearfix\"><\/div><\/div><\/div><\/div><\/div>\n","protected":false},"excerpt":{"rendered":"","protected":false},"author":3,"featured_media":0,"parent":10,"menu_order":0,"comment_status":"closed","ping_status":"closed","template":"","meta":[],"yoast_head":"<!-- This site is optimized with the Yoast SEO plugin v21.7 - https:\/\/yoast.com\/wordpress\/plugins\/seo\/ -->\n<title>Serena Patrisso &#8211; Studio legale associato EurAmbrosiano<\/title>\n<meta name=\"description\" content=\"Serena Patrisso, Avvocato, dal 2016 Italian Representative negli UAE, esperto in diritto amministrativo, appalti pubblici e concessioni, urbanistica ed edilizia, ambiente, commercio, diritto comunitario, diritti dell&#039;uomo.\" \/>\n<meta name=\"robots\" content=\"index, follow, max-snippet:-1, max-image-preview:large, max-video-preview:-1\" \/>\n<link rel=\"canonical\" href=\"https:\/\/avvocati-sl.it\/it\/professionisti\/serena-patrisso\/\" \/>\n<meta property=\"og:locale\" content=\"it_IT\" \/>\n<meta property=\"og:type\" content=\"article\" \/>\n<meta property=\"og:title\" content=\"Serena Patrisso &#8211; Studio legale associato EurAmbrosiano\" \/>\n<meta property=\"og:description\" content=\"Serena Patrisso, Avvocato, dal 2016 Italian Representative negli UAE, esperto in diritto amministrativo, appalti pubblici e concessioni, urbanistica ed edilizia, ambiente, commercio, diritto comunitario, diritti dell&#039;uomo.\" \/>\n<meta property=\"og:url\" content=\"https:\/\/avvocati-sl.it\/it\/professionisti\/serena-patrisso\/\" \/>\n<meta property=\"og:site_name\" content=\"Studio legale associato EurAmbrosiano\" \/>\n<meta property=\"article:modified_time\" content=\"2023-03-27T14:46:55+00:00\" \/>\n<meta name=\"twitter:card\" content=\"summary_large_image\" \/>\n<meta name=\"twitter:label1\" content=\"Tempo di lettura stimato\" \/>\n\t<meta name=\"twitter:data1\" content=\"5 minuti\" \/>\n<script type=\"application\/ld+json\" class=\"yoast-schema-graph\">{\"@context\":\"https:\/\/schema.org\",\"@graph\":[{\"@type\":\"WebPage\",\"@id\":\"https:\/\/avvocati-sl.it\/it\/professionisti\/serena-patrisso\/\",\"url\":\"https:\/\/avvocati-sl.it\/it\/professionisti\/serena-patrisso\/\",\"name\":\"Serena Patrisso &#8211; Studio legale associato EurAmbrosiano\",\"isPartOf\":{\"@id\":\"https:\/\/avvocati-sl.it\/it\/#website\"},\"datePublished\":\"2019-04-09T14:20:16+00:00\",\"dateModified\":\"2023-03-27T14:46:55+00:00\",\"description\":\"Serena Patrisso, Avvocato, dal 2016 Italian Representative negli UAE, esperto in diritto amministrativo, appalti pubblici e concessioni, urbanistica ed edilizia, ambiente, commercio, diritto comunitario, diritti dell'uomo.\",\"breadcrumb\":{\"@id\":\"https:\/\/avvocati-sl.it\/it\/professionisti\/serena-patrisso\/#breadcrumb\"},\"inLanguage\":\"it-IT\",\"potentialAction\":[{\"@type\":\"ReadAction\",\"target\":[\"https:\/\/avvocati-sl.it\/it\/professionisti\/serena-patrisso\/\"]}]},{\"@type\":\"BreadcrumbList\",\"@id\":\"https:\/\/avvocati-sl.it\/it\/professionisti\/serena-patrisso\/#breadcrumb\",\"itemListElement\":[{\"@type\":\"ListItem\",\"position\":1,\"name\":\"Home\",\"item\":\"https:\/\/avvocati-sl.it\/it\/\"},{\"@type\":\"ListItem\",\"position\":2,\"name\":\"Professionisti\",\"item\":\"https:\/\/avvocati-sl.it\/it\/professionisti\/\"},{\"@type\":\"ListItem\",\"position\":3,\"name\":\"Serena Patrisso\"}]},{\"@type\":\"WebSite\",\"@id\":\"https:\/\/avvocati-sl.it\/it\/#website\",\"url\":\"https:\/\/avvocati-sl.it\/it\/\",\"name\":\"Studio legale associato EurAmbrosiano\",\"description\":\"Affidabilit\u00e0, competenza, indipendenza\",\"publisher\":{\"@id\":\"https:\/\/avvocati-sl.it\/it\/#organization\"},\"potentialAction\":[{\"@type\":\"SearchAction\",\"target\":{\"@type\":\"EntryPoint\",\"urlTemplate\":\"https:\/\/avvocati-sl.it\/it\/?s={search_term_string}\"},\"query-input\":\"required name=search_term_string\"}],\"inLanguage\":\"it-IT\"},{\"@type\":\"Organization\",\"@id\":\"https:\/\/avvocati-sl.it\/it\/#organization\",\"name\":\"Studio Legale Associato EurAmbrosiano\",\"url\":\"https:\/\/avvocati-sl.it\/it\/\",\"logo\":{\"@type\":\"ImageObject\",\"inLanguage\":\"it-IT\",\"@id\":\"https:\/\/avvocati-sl.it\/it\/#\/schema\/logo\/image\/\",\"url\":\"https:\/\/avvocati-sl.it\/wp-content\/uploads\/Studio-EurAmbrosiano-IMG_0671_c-r.jpg\",\"contentUrl\":\"https:\/\/avvocati-sl.it\/wp-content\/uploads\/Studio-EurAmbrosiano-IMG_0671_c-r.jpg\",\"width\":1632,\"height\":2449,\"caption\":\"Studio Legale Associato EurAmbrosiano\"},\"image\":{\"@id\":\"https:\/\/avvocati-sl.it\/it\/#\/schema\/logo\/image\/\"},\"sameAs\":[\"https:\/\/www.linkedin.com\/company\/studio-legale-associato-eurambrosiano\/?viewAsMember=true\"]}]}<\/script>\n<!-- \/ Yoast SEO plugin. -->","yoast_head_json":{"title":"Serena Patrisso &#8211; Studio legale associato EurAmbrosiano","description":"Serena Patrisso, Avvocato, dal 2016 Italian Representative negli UAE, esperto in diritto amministrativo, appalti pubblici e concessioni, urbanistica ed edilizia, ambiente, commercio, diritto comunitario, diritti dell'uomo.","robots":{"index":"index","follow":"follow","max-snippet":"max-snippet:-1","max-image-preview":"max-image-preview:large","max-video-preview":"max-video-preview:-1"},"canonical":"https:\/\/avvocati-sl.it\/it\/professionisti\/serena-patrisso\/","og_locale":"it_IT","og_type":"article","og_title":"Serena Patrisso &#8211; Studio legale associato EurAmbrosiano","og_description":"Serena Patrisso, Avvocato, dal 2016 Italian Representative negli UAE, esperto in diritto amministrativo, appalti pubblici e concessioni, urbanistica ed edilizia, ambiente, commercio, diritto comunitario, diritti dell'uomo.","og_url":"https:\/\/avvocati-sl.it\/it\/professionisti\/serena-patrisso\/","og_site_name":"Studio legale associato EurAmbrosiano","article_modified_time":"2023-03-27T14:46:55+00:00","twitter_card":"summary_large_image","twitter_misc":{"Tempo di lettura stimato":"5 minuti"},"schema":{"@context":"https:\/\/schema.org","@graph":[{"@type":"WebPage","@id":"https:\/\/avvocati-sl.it\/it\/professionisti\/serena-patrisso\/","url":"https:\/\/avvocati-sl.it\/it\/professionisti\/serena-patrisso\/","name":"Serena Patrisso &#8211; Studio legale associato EurAmbrosiano","isPartOf":{"@id":"https:\/\/avvocati-sl.it\/it\/#website"},"datePublished":"2019-04-09T14:20:16+00:00","dateModified":"2023-03-27T14:46:55+00:00","description":"Serena Patrisso, Avvocato, dal 2016 Italian Representative negli UAE, esperto in diritto amministrativo, appalti pubblici e concessioni, urbanistica ed edilizia, ambiente, commercio, diritto comunitario, diritti dell'uomo.","breadcrumb":{"@id":"https:\/\/avvocati-sl.it\/it\/professionisti\/serena-patrisso\/#breadcrumb"},"inLanguage":"it-IT","potentialAction":[{"@type":"ReadAction","target":["https:\/\/avvocati-sl.it\/it\/professionisti\/serena-patrisso\/"]}]},{"@type":"BreadcrumbList","@id":"https:\/\/avvocati-sl.it\/it\/professionisti\/serena-patrisso\/#breadcrumb","itemListElement":[{"@type":"ListItem","position":1,"name":"Home","item":"https:\/\/avvocati-sl.it\/it\/"},{"@type":"ListItem","position":2,"name":"Professionisti","item":"https:\/\/avvocati-sl.it\/it\/professionisti\/"},{"@type":"ListItem","position":3,"name":"Serena Patrisso"}]},{"@type":"WebSite","@id":"https:\/\/avvocati-sl.it\/it\/#website","url":"https:\/\/avvocati-sl.it\/it\/","name":"Studio legale associato EurAmbrosiano","description":"Affidabilit\u00e0, competenza, indipendenza","publisher":{"@id":"https:\/\/avvocati-sl.it\/it\/#organization"},"potentialAction":[{"@type":"SearchAction","target":{"@type":"EntryPoint","urlTemplate":"https:\/\/avvocati-sl.it\/it\/?s={search_term_string}"},"query-input":"required name=search_term_string"}],"inLanguage":"it-IT"},{"@type":"Organization","@id":"https:\/\/avvocati-sl.it\/it\/#organization","name":"Studio Legale Associato EurAmbrosiano","url":"https:\/\/avvocati-sl.it\/it\/","logo":{"@type":"ImageObject","inLanguage":"it-IT","@id":"https:\/\/avvocati-sl.it\/it\/#\/schema\/logo\/image\/","url":"https:\/\/avvocati-sl.it\/wp-content\/uploads\/Studio-EurAmbrosiano-IMG_0671_c-r.jpg","contentUrl":"https:\/\/avvocati-sl.it\/wp-content\/uploads\/Studio-EurAmbrosiano-IMG_0671_c-r.jpg","width":1632,"height":2449,"caption":"Studio Legale Associato EurAmbrosiano"},"image":{"@id":"https:\/\/avvocati-sl.it\/it\/#\/schema\/logo\/image\/"},"sameAs":["https:\/\/www.linkedin.com\/company\/studio-legale-associato-eurambrosiano\/?viewAsMember=true"]}]}},"_links":{"self":[{"href":"https:\/\/avvocati-sl.it\/it\/wp-json\/wp\/v2\/pages\/1819"}],"collection":[{"href":"https:\/\/avvocati-sl.it\/it\/wp-json\/wp\/v2\/pages"}],"about":[{"href":"https:\/\/avvocati-sl.it\/it\/wp-json\/wp\/v2\/types\/page"}],"author":[{"embeddable":true,"href":"https:\/\/avvocati-sl.it\/it\/wp-json\/wp\/v2\/users\/3"}],"replies":[{"embeddable":true,"href":"https:\/\/avvocati-sl.it\/it\/wp-json\/wp\/v2\/comments?post=1819"}],"version-history":[{"count":0,"href":"https:\/\/avvocati-sl.it\/it\/wp-json\/wp\/v2\/pages\/1819\/revisions"}],"up":[{"embeddable":true,"href":"https:\/\/avvocati-sl.it\/it\/wp-json\/wp\/v2\/pages\/10"}],"wp:attachment":[{"href":"https:\/\/avvocati-sl.it\/it\/wp-json\/wp\/v2\/media?parent=1819"}],"curies":[{"name":"wp","href":"https:\/\/api.w.org\/{rel}","templated":true}]}}