{"id":1825,"date":"2019-04-09T14:36:18","date_gmt":"2019-04-09T14:36:18","guid":{"rendered":"https:\/\/avvocati-sl.it\/?page_id=1825"},"modified":"2026-04-10T19:35:10","modified_gmt":"2026-04-10T19:35:10","slug":"chiara-caponegro","status":"publish","type":"page","link":"https:\/\/avvocati-sl.it\/it\/professionisti\/chiara-caponegro\/","title":{"rendered":"Chiara Caponegro"},"content":{"rendered":"<div class=\"fusion-fullwidth fullwidth-box fusion-builder-row-1 nonhundred-percent-fullwidth non-hundred-percent-height-scrolling\" style=\"background-color: rgba(255,255,255,0);background-position: center center;background-repeat: no-repeat;padding-top:0px;padding-right:0px;padding-bottom:0px;padding-left:0px;margin-bottom: 0px;margin-top: 0px;border-width: 0px 0px 0px 0px;border-color:#eae9e9;border-style:solid;\" ><div class=\"fusion-builder-row fusion-row\"><div class=\"fusion-layout-column fusion_builder_column fusion-builder-column-0 fusion_builder_column_1_2 1_2 fusion-one-half fusion-column-first\" style=\"width:50%;width:calc(50% - ( ( 4% ) * 0.5 ) );margin-right: 4%;margin-top:0px;margin-bottom:20px;\"><div class=\"fusion-column-wrapper fusion-flex-column-wrapper-legacy\" style=\"background-position:left top;background-repeat:no-repeat;-webkit-background-size:cover;-moz-background-size:cover;-o-background-size:cover;background-size:cover;padding: 0px 0px 0px 0px;\"><div class=\"fusion-content-boxes content-boxes columns row fusion-columns-1 fusion-columns-total-1 fusion-content-boxes-1 content-boxes-icon-with-title content-left\" data-animationOffset=\"top-into-view\" style=\"margin-top:0px;margin-bottom:60px;\"><style type=\"text\/css\">.fusion-content-boxes-1 .heading .content-box-heading {color:#3b4251;}\n\t\t\t\t\t.fusion-content-boxes-1 .fusion-content-box-hover .link-area-link-icon-hover .heading .content-box-heading,\n\t\t\t\t\t.fusion-content-boxes-1 .fusion-content-box-hover .link-area-link-icon-hover .heading .heading-link .content-box-heading,\n\t\t\t\t\t.fusion-content-boxes-1 .fusion-content-box-hover .link-area-box-hover .heading .content-box-heading,\n\t\t\t\t\t.fusion-content-boxes-1 .fusion-content-box-hover .link-area-box-hover .heading .heading-link .content-box-heading,\n\t\t\t\t\t.fusion-content-boxes-1 .fusion-content-box-hover .link-area-link-icon-hover.link-area-box .fusion-read-more,\n\t\t\t\t\t.fusion-content-boxes-1 .fusion-content-box-hover .link-area-link-icon-hover.link-area-box .fusion-read-more::after,\n\t\t\t\t\t.fusion-content-boxes-1 .fusion-content-box-hover .link-area-link-icon-hover.link-area-box .fusion-read-more::before,\n\t\t\t\t\t.fusion-content-boxes-1 .fusion-content-box-hover .fusion-read-more:hover:after,\n\t\t\t\t\t.fusion-content-boxes-1 .fusion-content-box-hover .fusion-read-more:hover:before,\n\t\t\t\t\t.fusion-content-boxes-1 .fusion-content-box-hover .fusion-read-more:hover,\n\t\t\t\t\t.fusion-content-boxes-1 .fusion-content-box-hover .link-area-box-hover.link-area-box .fusion-read-more,\n\t\t\t\t\t.fusion-content-boxes-1 .fusion-content-box-hover .link-area-box-hover.link-area-box .fusion-read-more::after,\n\t\t\t\t\t.fusion-content-boxes-1 .fusion-content-box-hover .link-area-box-hover.link-area-box .fusion-read-more::before,\n\t\t\t\t\t.fusion-content-boxes-1 .fusion-content-box-hover .link-area-link-icon-hover .icon .circle-no,\n\t\t\t\t\t.fusion-content-boxes-1 .heading .heading-link:hover .content-box-heading {\n\t\t\t\t\t\tcolor: #1a80b6;\n\t\t\t\t\t}\n\t\t\t\t\t.fusion-content-boxes-1 .fusion-content-box-hover .link-area-box-hover .icon .circle-no {\n\t\t\t\t\t\tcolor: #1a80b6 !important;\n\t\t\t\t\t}.fusion-content-boxes-1 .fusion-content-box-hover .link-area-box.link-area-box-hover .fusion-content-box-button {background: #5aabd6;color: #105378;background-image: -webkit-gradient( linear, left bottom, left top, from( #90c9e8 ), to( #5aabd6 ) );background-image: linear-gradient( to top, #90c9e8, #5aabd6 )}.fusion-content-boxes-1 .fusion-content-box-hover .link-area-box.link-area-box-hover .fusion-content-box-button .fusion-button-text {color: #105378;}\n\t\t\t\t\t.fusion-content-boxes-1 .fusion-content-box-hover .link-area-link-icon-hover .heading .icon > span {\n\t\t\t\t\t\tbackground-color: transparent !important;\n\t\t\t\t\t}\n\t\t\t\t\t.fusion-content-boxes-1 .fusion-content-box-hover .link-area-box-hover .heading .icon > span {\n\t\t\t\t\t\tborder-color: #1a80b6 !important;\n\t\t\t\t\t}<\/style><div class=\"fusion-column content-box-column content-box-column content-box-column-1 col-lg-12 col-md-12 col-sm-12 fusion-content-box-hover content-box-column-last content-box-column-last-in-row\"><div class=\"col content-box-wrapper content-wrapper link-area-box icon-hover-animation-slide\" style=\"background-color:rgba(255,255,255,0);\" data-animationOffset=\"top-into-view\"><div class=\"heading icon-left\"><h2 class=\"content-box-heading\" style=\"font-size:0px;line-height:5px;\">Chiara Caponegro<\/h2><\/div><div class=\"fusion-clearfix\"><\/div><div class=\"content-container\" style=\"color:#747474;\">\n<h3 style=\"text-align: justify;\">Chiara Caponegro<\/h3>\n<p style=\"text-align: justify;\">Avvocato, abilitata all&#8217;esercizio della professione forense dal 2007, mediatore professionista dal 2010, dal 2020 iscritta nell\u2019Albo Speciale degli Avvocati Cassazionisti ammessi al patrocinio dinanzi alla Corte Suprema di Cassazione e alle altre giurisdizioni superiori, Socia AGI (Avvocati Giuslavoristi Italiani) e Consigliere del Comitato Esecutivo Europeo AGI (Avvocati Giuslavoristi Italiani) Calabria.<\/p>\n<p style=\"text-align: justify;\">Nata a Cosenza nel 1979, Maturit\u00e0 Classica e Laurea in giurisprudenza conseguita presso l\u2019Universit\u00e0 Magna Grecia di Catanzaro.<\/p>\n<p style=\"text-align: justify;\">Ha partecipato ad un corso di alta formazione in diritto di famiglia presso l\u2019European School of economics di Milano. Ha svolto attivit\u00e0 di consulente legale esterno in qualit\u00e0 di esperto del mercato del lavoro per la Regione Calabria al fine di realizzare la qualit\u00e0 e l\u2019efficacia del sistema dei servizi per l\u2019impiego.<\/p>\n<p style=\"text-align: justify;\">Ha frequentato con profitto la Scuola di alta formazione in diritto del lavoro, sindacale e della previdenza sociale \u201cLuca Boneschi\u201d con superamento dell\u2019esame finale.<\/p>\n<p style=\"text-align: justify;\">Ha esperienza pluriennale nel ramo del diritto del lavoro, previdenziale e sindacale. Offre consulenza a privati ed enti pubblici nella fase di contrattualizzazione del rapporto di lavoro e di gestione pre-contenziosa del medesimo ambito. \u00a0Assiste privati ed enti pubblici nelle controversie attinenti il rapporto di lavoro, contrattualistica individuale e collettiva, procedure disciplinari, licenziamenti, risarcimento danni, demansionamento e mobbing prestando particolare attenzione al continuo evolversi della normativa in materia.<\/p>\n<p style=\"text-align: justify;\">Ha, inoltre, conseguito la certificazione quale Data Protection Officer (DPO) in ottemperanza agli art. 37-39 del Nuovo Regolamento Europeo Privacy, General Data Protection Regulation, ufficialmente regolamento (UE) n. 2016\/679 e meglio noto con la sigla GDPR con espressa certificazione nei settori: Sanitario e Socio-Assistenziale, Finanziario Bancario ed Assicurativo, Informatico, Web e Telecomunicazioni, Commercio, Distribuzione e Marketing, Scolastico ed Educativo, Pubblica Amministrazione. Il regolamento dell&#8217;Unione europea in materia di trattamento dei dati personali e di privacy \u00e8 in vigore anche in Italia dal 25 maggio 2018 e la nomina di un DPO \u00e8 obbligatorio per tutte le aziende che trattano dati sensibili. Fornisce, pertanto, assistenza e consulenza alle aziende in materia di Privacy e di adeguamento alla nuova normativa europea.<\/p>\n<p style=\"text-align: justify;\">Svolge attivit\u00e0 di consulenza stragiudiziale e giudiziale per importanti realt\u00e0 bancarie ed assicurative nel ramo esecutivo.<\/p>\n<p style=\"text-align: justify;\">Fornisce assistenza legale giudiziale e stragiudiziale in diritto di famiglia e diritto minorile, avvalendosi, ove possibile, dei vigenti sistemi di giustizia alternativa.<\/p>\n<p style=\"text-align: justify;\">Lingue: italiano, francese.<\/p>\n<\/div><\/div><\/div><style type=\"text\/css\">\n\t\t\t\t\t\t.fusion-content-boxes-1 .fusion-content-box-hover .heading-link:hover .icon i.circle-yes,\n\t\t\t\t\t\t.fusion-content-boxes-1 .fusion-content-box-hover .link-area-box:hover .heading-link .icon i.circle-yes,\n\t\t\t\t\t\t.fusion-content-boxes-1 .fusion-content-box-hover .link-area-link-icon-hover .heading .icon i.circle-yes,\n\t\t\t\t\t\t.fusion-content-boxes-1 .fusion-content-box-hover .link-area-box-hover .heading .icon i.circle-yes {\n\t\t\t\t\t\t\tbackground-color: transparent !important;\n\t\t\t\t\t\t\tborder-color: #1a80b6 !important;\n\t\t\t\t\t\t}<\/style><div class=\"fusion-clearfix\"><\/div><\/div><div class=\"fusion-clearfix\"><\/div><\/div><\/div><div class=\"fusion-layout-column fusion_builder_column fusion-builder-column-1 fusion_builder_column_1_2 1_2 fusion-one-half fusion-column-last\" style=\"width:50%;width:calc(50% - ( ( 4% ) * 0.5 ) );margin-top:0px;margin-bottom:20px;\"><div class=\"fusion-column-wrapper fusion-flex-column-wrapper-legacy\" style=\"background-position:left top;background-repeat:no-repeat;-webkit-background-size:cover;-moz-background-size:cover;-o-background-size:cover;background-size:cover;padding: 0px 0px 0px 0px;\"><div class=\"fusion-person person fusion-person-left fusion-person-1 fusion-person-icon-top\"><div class=\"person-shortcode-image-wrapper\"><div class=\"person-image-container hover-type-none\" style=\"border:0px solid #f6f6f6;-webkit-border-radius:0px;-moz-border-radius:0px;border-radius:0px;\"><img decoding=\"async\" class=\"person-img img-responsive wp-image-1899\" width=\"1024\" height=\"740\" src=\"https:\/\/avvocati-sl.it\/wp-content\/uploads\/2019\/04\/chiara-1024x740.jpg\" alt=\"Chiara Caponegro\" srcset=\"https:\/\/avvocati-sl.it\/wp-content\/uploads\/2019\/04\/chiara-200x144.jpg 200w, https:\/\/avvocati-sl.it\/wp-content\/uploads\/2019\/04\/chiara-400x289.jpg 400w, https:\/\/avvocati-sl.it\/wp-content\/uploads\/2019\/04\/chiara-600x433.jpg 600w, https:\/\/avvocati-sl.it\/wp-content\/uploads\/2019\/04\/chiara-800x578.jpg 800w, https:\/\/avvocati-sl.it\/wp-content\/uploads\/2019\/04\/chiara-1200x867.jpg 1200w\" sizes=\"(max-width: 850px) 100vw, 600px\" \/><\/div><\/div><div class=\"person-desc\"><div class=\"person-author\"><div class=\"person-author-wrapper\"><span class=\"person-name\">Chiara Caponegro<\/span><span class=\"person-title\">Avvocato<\/span><\/div><div class=\"fusion-social-networks boxed-icons\"><div class=\"fusion-social-networks-wrapper\"><a class=\"fusion-social-network-icon fusion-tooltip fusion-linkedin awb-icon-linkedin\" aria-label=\"fusion-linkedin\" href=\"https:\/\/www.linkedin.com\/in\/chiara-caponegro-98479b86\/\" target=\"_blank\" rel=\"noopener noreferrer\" style=\"color:#ffffff;background-color:#55a098;border-color:#55a098;border-radius:4px;font-size:14px;padding:7px;\" data-placement=\"top\" data-title=\"LinkedIn\" title=\"LinkedIn\" data-toggle=\"tooltip\"><\/a><a class=\"fusion-social-network-icon fusion-tooltip fusion-mail awb-icon-mail\" aria-label=\"fusion-mail\" href=\"mailto:&#099;hia&#114;a&#099;apo&#110;&#101;&#103;r&#111;&#064;a&#118;vocat&#105;&#045;&#115;&#108;.it\" target=\"_self\" style=\"color:#ffffff;background-color:#55a098;border-color:#55a098;border-radius:4px;font-size:14px;padding:7px;\" data-placement=\"top\" data-title=\"Mail\" title=\"Mail\" data-toggle=\"tooltip\"><\/a><\/div><\/div><\/div><div class=\"person-content fusion-clearfix\"><\/div><\/div><\/div><style type=\"text\/css\">.fusion-person-1 .boxed-icons .fusion-social-network-icon{border-top-width:0px !important;border-right-width:0px !important;border-bottom-width:0px !important;border-left-width:0px !important;border-color:var(--awb-color3) !important;}.fusion-person-1 .boxed-icons .fusion-social-network-icon:hover{background-color:rgba(85,160,152,0.8) !important;border-color:var(--awb-color4) !important;}.fusion-person-1 .fusion-social-network-icon:hover{color:rgba(255,255,255,0.8) !important;}.fusion-person-1{ margin-top : 0px;margin-right : 0px;margin-bottom : 0px;margin-left : 0px;}<\/style><div class=\"fusion-section-separator section-separator bigtriangle fusion-section-separator-1\"><div class=\"fusion-section-separator-svg\" style=\"padding:0;margin-left: 0px;margin-right: 0px;\"><svg class=\"fusion-big-triangle-candy\" xmlns=\"http:\/\/www.w3.org\/2000\/svg\" version=\"1.1\" width=\"100%\" height=\"100\" viewBox=\"0 0 100 100\" preserveAspectRatio=\"none\" style=\"padding:0;\" fill=\"rgba(246,246,246,1)\"><path d=\"M0 100 L50 2 L100 100 Z\"><\/path><\/svg><\/div><div class=\"fusion-section-separator-spacer\"><div class=\"fusion-section-separator-spacer-height\" style=\"height:99px;\"><\/div><\/div><\/div><div class=\"fusion-video fusion-youtube\" style=\"max-width:600px;max-height:360px;\"><div class=\"video-shortcode\"><div class=\"fluid-width-video-wrapper\" style=\"padding-top:60%;\" ><iframe title=\"YouTube video player 1\" src=\"https:\/\/www.youtube.com\/embed\/Q8gb5nkZ4LQ?wmode=transparent&autoplay=0\" width=\"600\" height=\"360\" allowfullscreen allow=\"autoplay; fullscreen\"><\/iframe><\/div><\/div><\/div><div class=\"fusion-clearfix\"><\/div><\/div><\/div><\/div><\/div>\n","protected":false},"excerpt":{"rendered":"","protected":false},"author":3,"featured_media":0,"parent":10,"menu_order":0,"comment_status":"closed","ping_status":"closed","template":"","meta":[],"yoast_head":"<!-- This site is optimized with the Yoast SEO plugin v21.7 - https:\/\/yoast.com\/wordpress\/plugins\/seo\/ -->\n<title>Chiara Caponegro &#8211; Studio legale associato EurAmbrosiano<\/title>\n<meta name=\"description\" content=\"Chiara Caponegro, Avvocato con esperienza pluriennale nel ramo del diritto civile, con particolare riferimento al settore del diritto del lavoro, previdenziale e sindacale, dei trasporti interno ed internazionale, DPO.\" \/>\n<meta name=\"robots\" content=\"index, follow, max-snippet:-1, max-image-preview:large, max-video-preview:-1\" \/>\n<link rel=\"canonical\" href=\"https:\/\/avvocati-sl.it\/it\/professionisti\/chiara-caponegro\/\" \/>\n<meta property=\"og:locale\" content=\"it_IT\" \/>\n<meta property=\"og:type\" content=\"article\" \/>\n<meta property=\"og:title\" content=\"Chiara Caponegro &#8211; Studio legale associato EurAmbrosiano\" \/>\n<meta property=\"og:description\" content=\"Chiara Caponegro, Avvocato con esperienza pluriennale nel ramo del diritto civile, con particolare riferimento al settore del diritto del lavoro, previdenziale e sindacale, dei trasporti interno ed internazionale, DPO.\" \/>\n<meta property=\"og:url\" content=\"https:\/\/avvocati-sl.it\/it\/professionisti\/chiara-caponegro\/\" \/>\n<meta property=\"og:site_name\" content=\"Studio legale associato EurAmbrosiano\" \/>\n<meta property=\"article:modified_time\" content=\"2026-04-10T19:35:10+00:00\" \/>\n<meta name=\"twitter:card\" content=\"summary_large_image\" \/>\n<meta name=\"twitter:label1\" content=\"Tempo di lettura stimato\" \/>\n\t<meta name=\"twitter:data1\" content=\"4 minuti\" \/>\n<script type=\"application\/ld+json\" class=\"yoast-schema-graph\">{\"@context\":\"https:\/\/schema.org\",\"@graph\":[{\"@type\":\"WebPage\",\"@id\":\"https:\/\/avvocati-sl.it\/it\/professionisti\/chiara-caponegro\/\",\"url\":\"https:\/\/avvocati-sl.it\/it\/professionisti\/chiara-caponegro\/\",\"name\":\"Chiara Caponegro &#8211; Studio legale associato EurAmbrosiano\",\"isPartOf\":{\"@id\":\"https:\/\/avvocati-sl.it\/it\/#website\"},\"datePublished\":\"2019-04-09T14:36:18+00:00\",\"dateModified\":\"2026-04-10T19:35:10+00:00\",\"description\":\"Chiara Caponegro, Avvocato con esperienza pluriennale nel ramo del diritto civile, con particolare riferimento al settore del diritto del lavoro, previdenziale e sindacale, dei trasporti interno ed internazionale, DPO.\",\"breadcrumb\":{\"@id\":\"https:\/\/avvocati-sl.it\/it\/professionisti\/chiara-caponegro\/#breadcrumb\"},\"inLanguage\":\"it-IT\",\"potentialAction\":[{\"@type\":\"ReadAction\",\"target\":[\"https:\/\/avvocati-sl.it\/it\/professionisti\/chiara-caponegro\/\"]}]},{\"@type\":\"BreadcrumbList\",\"@id\":\"https:\/\/avvocati-sl.it\/it\/professionisti\/chiara-caponegro\/#breadcrumb\",\"itemListElement\":[{\"@type\":\"ListItem\",\"position\":1,\"name\":\"Home\",\"item\":\"https:\/\/avvocati-sl.it\/it\/\"},{\"@type\":\"ListItem\",\"position\":2,\"name\":\"Professionisti\",\"item\":\"https:\/\/avvocati-sl.it\/it\/professionisti\/\"},{\"@type\":\"ListItem\",\"position\":3,\"name\":\"Chiara Caponegro\"}]},{\"@type\":\"WebSite\",\"@id\":\"https:\/\/avvocati-sl.it\/it\/#website\",\"url\":\"https:\/\/avvocati-sl.it\/it\/\",\"name\":\"Studio legale associato EurAmbrosiano\",\"description\":\"Affidabilit\u00e0, competenza, indipendenza\",\"publisher\":{\"@id\":\"https:\/\/avvocati-sl.it\/it\/#organization\"},\"potentialAction\":[{\"@type\":\"SearchAction\",\"target\":{\"@type\":\"EntryPoint\",\"urlTemplate\":\"https:\/\/avvocati-sl.it\/it\/?s={search_term_string}\"},\"query-input\":\"required name=search_term_string\"}],\"inLanguage\":\"it-IT\"},{\"@type\":\"Organization\",\"@id\":\"https:\/\/avvocati-sl.it\/it\/#organization\",\"name\":\"Studio Legale Associato EurAmbrosiano\",\"url\":\"https:\/\/avvocati-sl.it\/it\/\",\"logo\":{\"@type\":\"ImageObject\",\"inLanguage\":\"it-IT\",\"@id\":\"https:\/\/avvocati-sl.it\/it\/#\/schema\/logo\/image\/\",\"url\":\"https:\/\/avvocati-sl.it\/wp-content\/uploads\/Studio-EurAmbrosiano-IMG_0671_c-r.jpg\",\"contentUrl\":\"https:\/\/avvocati-sl.it\/wp-content\/uploads\/Studio-EurAmbrosiano-IMG_0671_c-r.jpg\",\"width\":1632,\"height\":2449,\"caption\":\"Studio Legale Associato EurAmbrosiano\"},\"image\":{\"@id\":\"https:\/\/avvocati-sl.it\/it\/#\/schema\/logo\/image\/\"},\"sameAs\":[\"https:\/\/www.linkedin.com\/company\/studio-legale-associato-eurambrosiano\/?viewAsMember=true\"]}]}<\/script>\n<!-- \/ Yoast SEO plugin. -->","yoast_head_json":{"title":"Chiara Caponegro &#8211; Studio legale associato EurAmbrosiano","description":"Chiara Caponegro, Avvocato con esperienza pluriennale nel ramo del diritto civile, con particolare riferimento al settore del diritto del lavoro, previdenziale e sindacale, dei trasporti interno ed internazionale, DPO.","robots":{"index":"index","follow":"follow","max-snippet":"max-snippet:-1","max-image-preview":"max-image-preview:large","max-video-preview":"max-video-preview:-1"},"canonical":"https:\/\/avvocati-sl.it\/it\/professionisti\/chiara-caponegro\/","og_locale":"it_IT","og_type":"article","og_title":"Chiara Caponegro &#8211; Studio legale associato EurAmbrosiano","og_description":"Chiara Caponegro, Avvocato con esperienza pluriennale nel ramo del diritto civile, con particolare riferimento al settore del diritto del lavoro, previdenziale e sindacale, dei trasporti interno ed internazionale, DPO.","og_url":"https:\/\/avvocati-sl.it\/it\/professionisti\/chiara-caponegro\/","og_site_name":"Studio legale associato EurAmbrosiano","article_modified_time":"2026-04-10T19:35:10+00:00","twitter_card":"summary_large_image","twitter_misc":{"Tempo di lettura stimato":"4 minuti"},"schema":{"@context":"https:\/\/schema.org","@graph":[{"@type":"WebPage","@id":"https:\/\/avvocati-sl.it\/it\/professionisti\/chiara-caponegro\/","url":"https:\/\/avvocati-sl.it\/it\/professionisti\/chiara-caponegro\/","name":"Chiara Caponegro &#8211; Studio legale associato EurAmbrosiano","isPartOf":{"@id":"https:\/\/avvocati-sl.it\/it\/#website"},"datePublished":"2019-04-09T14:36:18+00:00","dateModified":"2026-04-10T19:35:10+00:00","description":"Chiara Caponegro, Avvocato con esperienza pluriennale nel ramo del diritto civile, con particolare riferimento al settore del diritto del lavoro, previdenziale e sindacale, dei trasporti interno ed internazionale, DPO.","breadcrumb":{"@id":"https:\/\/avvocati-sl.it\/it\/professionisti\/chiara-caponegro\/#breadcrumb"},"inLanguage":"it-IT","potentialAction":[{"@type":"ReadAction","target":["https:\/\/avvocati-sl.it\/it\/professionisti\/chiara-caponegro\/"]}]},{"@type":"BreadcrumbList","@id":"https:\/\/avvocati-sl.it\/it\/professionisti\/chiara-caponegro\/#breadcrumb","itemListElement":[{"@type":"ListItem","position":1,"name":"Home","item":"https:\/\/avvocati-sl.it\/it\/"},{"@type":"ListItem","position":2,"name":"Professionisti","item":"https:\/\/avvocati-sl.it\/it\/professionisti\/"},{"@type":"ListItem","position":3,"name":"Chiara Caponegro"}]},{"@type":"WebSite","@id":"https:\/\/avvocati-sl.it\/it\/#website","url":"https:\/\/avvocati-sl.it\/it\/","name":"Studio legale associato EurAmbrosiano","description":"Affidabilit\u00e0, competenza, indipendenza","publisher":{"@id":"https:\/\/avvocati-sl.it\/it\/#organization"},"potentialAction":[{"@type":"SearchAction","target":{"@type":"EntryPoint","urlTemplate":"https:\/\/avvocati-sl.it\/it\/?s={search_term_string}"},"query-input":"required name=search_term_string"}],"inLanguage":"it-IT"},{"@type":"Organization","@id":"https:\/\/avvocati-sl.it\/it\/#organization","name":"Studio Legale Associato EurAmbrosiano","url":"https:\/\/avvocati-sl.it\/it\/","logo":{"@type":"ImageObject","inLanguage":"it-IT","@id":"https:\/\/avvocati-sl.it\/it\/#\/schema\/logo\/image\/","url":"https:\/\/avvocati-sl.it\/wp-content\/uploads\/Studio-EurAmbrosiano-IMG_0671_c-r.jpg","contentUrl":"https:\/\/avvocati-sl.it\/wp-content\/uploads\/Studio-EurAmbrosiano-IMG_0671_c-r.jpg","width":1632,"height":2449,"caption":"Studio Legale Associato EurAmbrosiano"},"image":{"@id":"https:\/\/avvocati-sl.it\/it\/#\/schema\/logo\/image\/"},"sameAs":["https:\/\/www.linkedin.com\/company\/studio-legale-associato-eurambrosiano\/?viewAsMember=true"]}]}},"_links":{"self":[{"href":"https:\/\/avvocati-sl.it\/it\/wp-json\/wp\/v2\/pages\/1825"}],"collection":[{"href":"https:\/\/avvocati-sl.it\/it\/wp-json\/wp\/v2\/pages"}],"about":[{"href":"https:\/\/avvocati-sl.it\/it\/wp-json\/wp\/v2\/types\/page"}],"author":[{"embeddable":true,"href":"https:\/\/avvocati-sl.it\/it\/wp-json\/wp\/v2\/users\/3"}],"replies":[{"embeddable":true,"href":"https:\/\/avvocati-sl.it\/it\/wp-json\/wp\/v2\/comments?post=1825"}],"version-history":[{"count":2,"href":"https:\/\/avvocati-sl.it\/it\/wp-json\/wp\/v2\/pages\/1825\/revisions"}],"predecessor-version":[{"id":5803,"href":"https:\/\/avvocati-sl.it\/it\/wp-json\/wp\/v2\/pages\/1825\/revisions\/5803"}],"up":[{"embeddable":true,"href":"https:\/\/avvocati-sl.it\/it\/wp-json\/wp\/v2\/pages\/10"}],"wp:attachment":[{"href":"https:\/\/avvocati-sl.it\/it\/wp-json\/wp\/v2\/media?parent=1825"}],"curies":[{"name":"wp","href":"https:\/\/api.w.org\/{rel}","templated":true}]}}